{"id":6002,"date":"2026-05-12T11:45:26","date_gmt":"2026-05-12T09:45:26","guid":{"rendered":"https:\/\/tyrawa.pl\/?page_id=6002"},"modified":"2026-05-12T11:47:40","modified_gmt":"2026-05-12T09:47:40","slug":"patronat-honorowy-wojta-gminy-tyrawa-woloska","status":"publish","type":"page","link":"https:\/\/tyrawa.pl\/?page_id=6002","title":{"rendered":"Patronat Honorowy W\u00f3jta Gminy Tyrawa Wo\u0142oska"},"content":{"rendered":"\n<figure class=\"wp-block-image size-large\"><img fetchpriority=\"high\" decoding=\"async\" width=\"1024\" height=\"576\" src=\"https:\/\/tyrawa.pl\/wp-content\/uploads\/2026\/05\/GMINA-napis-1024x576.png\" alt=\"\" class=\"wp-image-6003\" srcset=\"https:\/\/tyrawa.pl\/wp-content\/uploads\/2026\/05\/GMINA-napis-1024x576.png 1024w, https:\/\/tyrawa.pl\/wp-content\/uploads\/2026\/05\/GMINA-napis-300x169.png 300w, https:\/\/tyrawa.pl\/wp-content\/uploads\/2026\/05\/GMINA-napis-768x432.png 768w, https:\/\/tyrawa.pl\/wp-content\/uploads\/2026\/05\/GMINA-napis-1536x864.png 1536w, https:\/\/tyrawa.pl\/wp-content\/uploads\/2026\/05\/GMINA-napis.png 1920w\" sizes=\"(max-width: 1024px) 100vw, 1024px\" \/><\/figure>\n\n\n\n<p>Honorowy Patronat W\u00f3jta jest wyr\u00f3\u017cnieniem podkre\u015blaj\u0105cym szczeg\u00f3lny charakter przedsi\u0119wzi\u0119cia.<\/p>\n\n\n\n<p>Wyr\u00f3\u017cnieniem tym obejmowane s\u0105 przedsi\u0119wzi\u0119cia o\u00a0zasi\u0119gu lokalnym, regionalnym i\u00a0og\u00f3lnopolskim, kt\u00f3rych tematyka zbie\u017cna jest z\u00a0zadaniami Gminy b\u0105d\u017a ma istotne znaczenie dla jej promocji.<\/p>\n\n\n\n<p>Patronat nie jest przyznawany przedsi\u0119wzi\u0119ciom o\u00a0charakterze zarobkowym oraz budz\u0105cym w\u0105tpliwo\u015bci co do zgodno\u015bci z\u00a0zasadami etyki.<\/p>\n\n\n\n<p>Przyznanie Patronatu nie oznacza obligatoryjnie wsparcia rzeczowego lub organizacyjnego lecz o\u00a0tak\u0105 pomoc Organizator mo\u017ce wnioskowa\u0107.<\/p>\n\n\n\n<div data-wp-interactive=\"core\/file\" class=\"wp-block-file\"><object data-wp-bind--hidden=\"!state.hasPdfPreview\" hidden class=\"wp-block-file__embed\" data=\"https:\/\/tyrawa.pl\/wp-content\/uploads\/2026\/05\/Zarzadzenie-nr-34-w-sprawie-przyjecia-Regulaminu-przyznania-Patronatu.pdf\" type=\"application\/pdf\" style=\"width:100%;height:600px\" aria-label=\"Osadzone z Zarz\u0105dzenie nr 34 w sprawie przyj\u0119cia Regulaminu przyznania Patronatu.\"><\/object><a id=\"wp-block-file--media-71bae958-1176-40ac-8367-c2cb193afea3\" href=\"https:\/\/tyrawa.pl\/wp-content\/uploads\/2026\/05\/Zarzadzenie-nr-34-w-sprawie-przyjecia-Regulaminu-przyznania-Patronatu.pdf\">Zarz\u0105dzenie nr 34 w sprawie przyj\u0119cia Regulaminu przyznania Patronatu<\/a><a href=\"https:\/\/tyrawa.pl\/wp-content\/uploads\/2026\/05\/Zarzadzenie-nr-34-w-sprawie-przyjecia-Regulaminu-przyznania-Patronatu.pdf\" class=\"wp-block-file__button wp-element-button\" download aria-describedby=\"wp-block-file--media-71bae958-1176-40ac-8367-c2cb193afea3\">Pobierz<\/a><\/div>\n\n\n\n<div data-wp-interactive=\"core\/file\" class=\"wp-block-file\"><object data-wp-bind--hidden=\"!state.hasPdfPreview\" hidden class=\"wp-block-file__embed\" data=\"https:\/\/tyrawa.pl\/wp-content\/uploads\/2026\/05\/Zalacznik-do-zarzadzenia-Nr-34.2026-Wojta-Gminy-Tyrawa-Woloska.pdf\" type=\"application\/pdf\" style=\"width:100%;height:600px\" aria-label=\"Osadzone z Za\u0142\u0105cznik do zarzadzenia Nr 34.2026 W\u00f3jta Gminy Tyrawa Wo\u0142oska.\"><\/object><a id=\"wp-block-file--media-f6e92d6f-718e-41b4-9f84-51eb164de394\" href=\"https:\/\/tyrawa.pl\/wp-content\/uploads\/2026\/05\/Zalacznik-do-zarzadzenia-Nr-34.2026-Wojta-Gminy-Tyrawa-Woloska.pdf\">Za\u0142\u0105cznik do zarzadzenia Nr 34.2026 W\u00f3jta Gminy Tyrawa Wo\u0142oska<\/a><a href=\"https:\/\/tyrawa.pl\/wp-content\/uploads\/2026\/05\/Zalacznik-do-zarzadzenia-Nr-34.2026-Wojta-Gminy-Tyrawa-Woloska.pdf\" class=\"wp-block-file__button wp-element-button\" download aria-describedby=\"wp-block-file--media-f6e92d6f-718e-41b4-9f84-51eb164de394\">Pobierz<\/a><\/div>\n\n\n\n<div class=\"wp-block-file\"><a id=\"wp-block-file--media-87f37302-773e-4323-ae48-44c23507fe14\" href=\"https:\/\/tyrawa.pl\/wp-content\/uploads\/2026\/05\/Zalaczniki-nr-do-Regulaminu-wniosek-o-Patronat-Honorowy-Wojta-Gminy-Tyrawa-Woloska.docx\">Za\u0142\u0105czniki nr do Regulaminu-wniosek o Patronat Honorowy W\u00f3jta Gminy Tyrawa Wo\u0142oska<\/a><a href=\"https:\/\/tyrawa.pl\/wp-content\/uploads\/2026\/05\/Zalaczniki-nr-do-Regulaminu-wniosek-o-Patronat-Honorowy-Wojta-Gminy-Tyrawa-Woloska.docx\" class=\"wp-block-file__button wp-element-button\" download aria-describedby=\"wp-block-file--media-87f37302-773e-4323-ae48-44c23507fe14\">Pobierz<\/a><\/div>\n","protected":false},"excerpt":{"rendered":"<p>Honorowy Patronat W\u00f3jta jest wyr\u00f3\u017cnieniem podkre\u015blaj\u0105cym szczeg\u00f3lny charakter przedsi\u0119wzi\u0119cia. Wyr\u00f3\u017cnieniem tym obejmowane s\u0105 przedsi\u0119wzi\u0119cia o\u00a0zasi\u0119gu lokalnym, regionalnym i\u00a0og\u00f3lnopolskim, kt\u00f3rych tematyka zbie\u017cna jest z\u00a0zadaniami Gminy b\u0105d\u017a ma istotne znaczenie dla jej promocji. Patronat nie jest przyznawany przedsi\u0119wzi\u0119ciom o\u00a0charakterze zarobkowym oraz budz\u0105cym w\u0105tpliwo\u015bci co do zgodno\u015bci z\u00a0zasadami etyki. Przyznanie Patronatu nie oznacza obligatoryjnie wsparcia rzeczowego lub organizacyjnego [&hellip;]<\/p>\n","protected":false},"author":2,"featured_media":0,"parent":0,"menu_order":0,"comment_status":"closed","ping_status":"closed","template":"","meta":{"footnotes":""},"class_list":["post-6002","page","type-page","status-publish","hentry","no-thumb"],"_links":{"self":[{"href":"https:\/\/tyrawa.pl\/index.php?rest_route=\/wp\/v2\/pages\/6002","targetHints":{"allow":["GET"]}}],"collection":[{"href":"https:\/\/tyrawa.pl\/index.php?rest_route=\/wp\/v2\/pages"}],"about":[{"href":"https:\/\/tyrawa.pl\/index.php?rest_route=\/wp\/v2\/types\/page"}],"author":[{"embeddable":true,"href":"https:\/\/tyrawa.pl\/index.php?rest_route=\/wp\/v2\/users\/2"}],"replies":[{"embeddable":true,"href":"https:\/\/tyrawa.pl\/index.php?rest_route=%2Fwp%2Fv2%2Fcomments&post=6002"}],"version-history":[{"count":2,"href":"https:\/\/tyrawa.pl\/index.php?rest_route=\/wp\/v2\/pages\/6002\/revisions"}],"predecessor-version":[{"id":6010,"href":"https:\/\/tyrawa.pl\/index.php?rest_route=\/wp\/v2\/pages\/6002\/revisions\/6010"}],"wp:attachment":[{"href":"https:\/\/tyrawa.pl\/index.php?rest_route=%2Fwp%2Fv2%2Fmedia&parent=6002"}],"curies":[{"name":"wp","href":"https:\/\/api.w.org\/{rel}","templated":true}]}}