{"id":5891,"date":"2026-04-08T13:36:41","date_gmt":"2026-04-08T11:36:41","guid":{"rendered":"https:\/\/tyrawa.pl\/?page_id=5891"},"modified":"2026-04-08T13:37:43","modified_gmt":"2026-04-08T11:37:43","slug":"przebudowa-dachu-wraz-z-wymiana-pokrycia-dachowego-budynku-gminnego-osrodka-kultury","status":"publish","type":"page","link":"https:\/\/tyrawa.pl\/?page_id=5891","title":{"rendered":"Przebudowa dachu wraz z wymian\u0105 pokrycia dachowego budynku Gminnego O\u015brodka Kultury"},"content":{"rendered":"\n<figure class=\"wp-block-image size-full\"><img fetchpriority=\"high\" decoding=\"async\" width=\"940\" height=\"788\" src=\"https:\/\/tyrawa.pl\/wp-content\/uploads\/2026\/04\/Dofinansowanie.jpg\" alt=\"\" class=\"wp-image-5894\" srcset=\"https:\/\/tyrawa.pl\/wp-content\/uploads\/2026\/04\/Dofinansowanie.jpg 940w, https:\/\/tyrawa.pl\/wp-content\/uploads\/2026\/04\/Dofinansowanie-300x251.jpg 300w, https:\/\/tyrawa.pl\/wp-content\/uploads\/2026\/04\/Dofinansowanie-768x644.jpg 768w\" sizes=\"(max-width: 940px) 100vw, 940px\" \/><\/figure>\n\n\n\n<p>Dobra wiadomo\u015b\u0107 dla mieszka\u0144c\u00f3w!<\/p>\n\n\n\n<p>Gmina Tyrawa Wo\u0142oska otrzyma\u0142a wsparcie finansowe w wysoko\u015bci 115 000,00 z\u0142 (80% warto\u015bci projektu) w trybie rezerwy ministra na realizacj\u0119 zadania:<br>\u201ePrzebudowa dachu wraz z wymian\u0105 pokrycia dachowego budynku Gminnego O\u015brodka Kultury\u201d.<\/p>\n\n\n\n<p>Celem inwestycji jest:<\/p>\n\n\n\n<ul class=\"wp-block-list\">\n<li>poprawa stanu technicznego i bezpiecze\u0144stwa u\u017cytkowania budynku,<\/li>\n\n\n\n<li>ochrona obiektu przed niekorzystnymi warunkami atmosferycznymi i jego dalsz\u0105 degradacj\u0105.<\/li>\n<\/ul>\n\n\n\n<p>Dzi\u0119ki realizacji zadania zwi\u0119kszy si\u0119 komfort korzystania z obiektu oraz mo\u017cliwo\u015b\u0107 dalszego rozwoju dzia\u0142alno\u015bci kulturalnej.<\/p>\n\n\n\n<p>Sk\u0142adamy serdeczne podzi\u0119kowania Ministerstwu Kultury i Dziedzictwa Narodowego za przyznanie dotacji oraz Panu Pos\u0142owi Bartoszowi Romowiczowi za wsparcie w pozyskaniu \u015brodk\u00f3w finansowych.<\/p>\n","protected":false},"excerpt":{"rendered":"<p>Dobra wiadomo\u015b\u0107 dla mieszka\u0144c\u00f3w! Gmina Tyrawa Wo\u0142oska otrzyma\u0142a wsparcie finansowe w wysoko\u015bci 115 000,00 z\u0142 (80% warto\u015bci projektu) w trybie rezerwy ministra na realizacj\u0119 zadania:\u201ePrzebudowa dachu wraz z wymian\u0105 pokrycia dachowego budynku Gminnego O\u015brodka Kultury\u201d. Celem inwestycji jest: Dzi\u0119ki realizacji zadania zwi\u0119kszy si\u0119 komfort korzystania z obiektu oraz mo\u017cliwo\u015b\u0107 dalszego rozwoju dzia\u0142alno\u015bci kulturalnej. Sk\u0142adamy serdeczne [&hellip;]<\/p>\n","protected":false},"author":2,"featured_media":0,"parent":0,"menu_order":0,"comment_status":"closed","ping_status":"closed","template":"","meta":{"footnotes":""},"class_list":["post-5891","page","type-page","status-publish","hentry","no-thumb"],"_links":{"self":[{"href":"https:\/\/tyrawa.pl\/index.php?rest_route=\/wp\/v2\/pages\/5891","targetHints":{"allow":["GET"]}}],"collection":[{"href":"https:\/\/tyrawa.pl\/index.php?rest_route=\/wp\/v2\/pages"}],"about":[{"href":"https:\/\/tyrawa.pl\/index.php?rest_route=\/wp\/v2\/types\/page"}],"author":[{"embeddable":true,"href":"https:\/\/tyrawa.pl\/index.php?rest_route=\/wp\/v2\/users\/2"}],"replies":[{"embeddable":true,"href":"https:\/\/tyrawa.pl\/index.php?rest_route=%2Fwp%2Fv2%2Fcomments&post=5891"}],"version-history":[{"count":2,"href":"https:\/\/tyrawa.pl\/index.php?rest_route=\/wp\/v2\/pages\/5891\/revisions"}],"predecessor-version":[{"id":5895,"href":"https:\/\/tyrawa.pl\/index.php?rest_route=\/wp\/v2\/pages\/5891\/revisions\/5895"}],"wp:attachment":[{"href":"https:\/\/tyrawa.pl\/index.php?rest_route=%2Fwp%2Fv2%2Fmedia&parent=5891"}],"curies":[{"name":"wp","href":"https:\/\/api.w.org\/{rel}","templated":true}]}}