{"id":5805,"date":"2026-03-16T10:21:21","date_gmt":"2026-03-16T09:21:21","guid":{"rendered":"https:\/\/tyrawa.pl\/?page_id=5805"},"modified":"2026-03-16T10:21:23","modified_gmt":"2026-03-16T09:21:23","slug":"%f0%9d%90%91%f0%9d%90%a8%f0%9d%90%b3%f0%9d%90%9b%f0%9d%90%ae%f0%9d%90%9d%f0%9d%90%a8%f0%9d%90%b0%f0%9d%90%9a-%f0%9d%90%a2-%f0%9d%90%a9%f0%9d%90%ab%f0%9d%90%b3%f0%9d%90%9e%f0%9d%90%9b%f0%9d%90%ae","status":"publish","type":"page","link":"https:\/\/tyrawa.pl\/?page_id=5805","title":{"rendered":"\ud835\udc11\ud835\udc28\ud835\udc33\ud835\udc1b\ud835\udc2e\ud835\udc1d\ud835\udc28\ud835\udc30\ud835\udc1a \ud835\udc22 \ud835\udc29\ud835\udc2b\ud835\udc33\ud835\udc1e\ud835\udc1b\ud835\udc2e\ud835\udc1d\ud835\udc28\ud835\udc30\ud835\udc1a \ud835\udc1b\ud835\udc2e\ud835\udc1d\ud835\udc32\ud835\udc27\ud835\udc24\ud835\udc2e \u015bw\ud835\udc22\ud835\udc1e\ud835\udc2d\ud835\udc25\ud835\udc22\ud835\udc1c\ud835\udc32 \ud835\udc30\ud835\udc22\ud835\udc1e\ud835\udc23\ud835\udc2c\ud835\udc24\ud835\udc22\ud835\udc1e\ud835\udc23 \ud835\udc30 \ud835\udc07\ud835\udc28\u0142\ud835\udc2e\ud835\udc1c\ud835\udc33\ud835\udc24\ud835\udc28\ud835\udc30\ud835\udc22\ud835\udc1e"},"content":{"rendered":"\n<figure class=\"wp-block-image size-full\"><img fetchpriority=\"high\" decoding=\"async\" width=\"940\" height=\"788\" src=\"https:\/\/tyrawa.pl\/wp-content\/uploads\/2026\/03\/Dofinansowanie.jpg\" alt=\"\" class=\"wp-image-5806\" srcset=\"https:\/\/tyrawa.pl\/wp-content\/uploads\/2026\/03\/Dofinansowanie.jpg 940w, https:\/\/tyrawa.pl\/wp-content\/uploads\/2026\/03\/Dofinansowanie-300x251.jpg 300w, https:\/\/tyrawa.pl\/wp-content\/uploads\/2026\/03\/Dofinansowanie-768x644.jpg 768w\" sizes=\"(max-width: 940px) 100vw, 940px\" \/><\/figure>\n\n\n\n<p><\/p>\n\n\n\n<p>\ud835\udc06\ud835\udc26\ud835\udc22\ud835\udc27\ud835\udc1a \ud835\udc13\ud835\udc32\ud835\udc2b\ud835\udc1a\ud835\udc30\ud835\udc1a \ud835\udc16\ud835\udc28\u0142\ud835\udc28\ud835\udc2c\ud835\udc24\ud835\udc1a \ud835\udc28\ud835\udc2d\ud835\udc2b\ud835\udc33\ud835\udc32\ud835\udc26\ud835\udc1a\u0142\ud835\udc1a \ud835\udc30\ud835\udc2c\ud835\udc29\ud835\udc1a\ud835\udc2b\ud835\udc1c\ud835\udc22\ud835\udc1e \ud835\udc1f\ud835\udc22\ud835\udc27\ud835\udc1a\ud835\udc27\ud835\udc2c\ud835\udc28\ud835\udc30\ud835\udc1e \ud835\udc33 \ud835\udc0c\ud835\udc22\ud835\udc27\ud835\udc22\ud835\udc2c\ud835\udc2d\ud835\udc1e\ud835\udc2b\ud835\udc2c\ud835\udc2d\ud835\udc30\ud835\udc28 \ud835\udc0a\ud835\udc2e\ud835\udc25\ud835\udc2d\ud835\udc2e\ud835\udc2b\ud835\udc32 \ud835\udc22 \ud835\udc03\ud835\udc33\ud835\udc22\ud835\udc1e\ud835\udc1d\ud835\udc33\ud835\udc22\ud835\udc1c\ud835\udc2d\ud835\udc30\ud835\udc1a \ud835\udc0d\ud835\udc1a\ud835\udc2b\ud835\udc28\ud835\udc1d\ud835\udc28\ud835\udc30\ud835\udc1e\ud835\udc20\ud835\udc28 w wysoko\u015bci \ud835\udfcf\ud835\udfd0\ud835\udfce \ud835\udfce\ud835\udfce\ud835\udfce \ud835\udc33\u0142 (80% warto\u015bci projektu) w trybie rezerwy ministra na realizacj\u0119 zadania:<\/p>\n\n\n\n<p>\u201e\ud835\udc11\ud835\udc28\ud835\udc33\ud835\udc1b\ud835\udc2e\ud835\udc1d\ud835\udc28\ud835\udc30\ud835\udc1a \ud835\udc22 \ud835\udc29\ud835\udc2b\ud835\udc33\ud835\udc1e\ud835\udc1b\ud835\udc2e\ud835\udc1d\ud835\udc28\ud835\udc30\ud835\udc1a \ud835\udc1b\ud835\udc2e\ud835\udc1d\ud835\udc32\ud835\udc27\ud835\udc24\ud835\udc2e \ud835\udc2c\u0301\ud835\udc30\ud835\udc22\ud835\udc1e\ud835\udc2d\ud835\udc25\ud835\udc22\ud835\udc1c\ud835\udc32 \ud835\udc30\ud835\udc22\ud835\udc1e\ud835\udc23\ud835\udc2c\ud835\udc24\ud835\udc22\ud835\udc1e\ud835\udc23 \ud835\udc30 \ud835\udc07\ud835\udc28\u0142\ud835\udc2e\ud835\udc1c\ud835\udc33\ud835\udc24\ud835\udc28\ud835\udc30\ud835\udc22\ud835\udc1e\u201d.<\/p>\n\n\n\n<p>Celem inwestycji jest:<\/p>\n\n\n\n<ul class=\"wp-block-list\">\n<li>poprawa stanu technicznego budynku \u015bwietlicy,<\/li>\n\n\n\n<li>stworzenie lepszych warunk\u00f3w do prowadzenia dzia\u0142alno\u015bci kulturalnej i integracji mieszka\u0144c\u00f3w.<\/li>\n<\/ul>\n\n\n\n<p>Dzi\u0119ki realizacji projektu zwi\u0119kszy si\u0119 dost\u0119pno\u015b\u0107 oraz atrakcyjno\u015b\u0107 oferty kulturalnej dla mieszka\u0144c\u00f3w Gmina Tyrawa Wo\u0142oska.<\/p>\n\n\n\n<p>Sk\u0142adamy serdeczne podzi\u0119kowania Ministerstwo Kultury i Dziedzictwa Narodowego za przyznanie dotacji oraz Pani Pos\u0142owi Bartosz Romowicz za wsparcie w pozyskaniu \u015brodk\u00f3w finansowych.<\/p>\n\n\n\n<figure class=\"wp-block-image size-large\"><img decoding=\"async\" width=\"1024\" height=\"131\" src=\"https:\/\/tyrawa.pl\/wp-content\/uploads\/2026\/03\/logotyp-1024x131.png\" alt=\"\" class=\"wp-image-5807\" srcset=\"https:\/\/tyrawa.pl\/wp-content\/uploads\/2026\/03\/logotyp-1024x131.png 1024w, https:\/\/tyrawa.pl\/wp-content\/uploads\/2026\/03\/logotyp-300x38.png 300w, https:\/\/tyrawa.pl\/wp-content\/uploads\/2026\/03\/logotyp-768x98.png 768w, https:\/\/tyrawa.pl\/wp-content\/uploads\/2026\/03\/logotyp.png 1072w\" sizes=\"(max-width: 1024px) 100vw, 1024px\" \/><\/figure>\n","protected":false},"excerpt":{"rendered":"<p>\ud835\udc06\ud835\udc26\ud835\udc22\ud835\udc27\ud835\udc1a \ud835\udc13\ud835\udc32\ud835\udc2b\ud835\udc1a\ud835\udc30\ud835\udc1a \ud835\udc16\ud835\udc28\u0142\ud835\udc28\ud835\udc2c\ud835\udc24\ud835\udc1a \ud835\udc28\ud835\udc2d\ud835\udc2b\ud835\udc33\ud835\udc32\ud835\udc26\ud835\udc1a\u0142\ud835\udc1a \ud835\udc30\ud835\udc2c\ud835\udc29\ud835\udc1a\ud835\udc2b\ud835\udc1c\ud835\udc22\ud835\udc1e \ud835\udc1f\ud835\udc22\ud835\udc27\ud835\udc1a\ud835\udc27\ud835\udc2c\ud835\udc28\ud835\udc30\ud835\udc1e \ud835\udc33 \ud835\udc0c\ud835\udc22\ud835\udc27\ud835\udc22\ud835\udc2c\ud835\udc2d\ud835\udc1e\ud835\udc2b\ud835\udc2c\ud835\udc2d\ud835\udc30\ud835\udc28 \ud835\udc0a\ud835\udc2e\ud835\udc25\ud835\udc2d\ud835\udc2e\ud835\udc2b\ud835\udc32 \ud835\udc22 \ud835\udc03\ud835\udc33\ud835\udc22\ud835\udc1e\ud835\udc1d\ud835\udc33\ud835\udc22\ud835\udc1c\ud835\udc2d\ud835\udc30\ud835\udc1a \ud835\udc0d\ud835\udc1a\ud835\udc2b\ud835\udc28\ud835\udc1d\ud835\udc28\ud835\udc30\ud835\udc1e\ud835\udc20\ud835\udc28 w wysoko\u015bci \ud835\udfcf\ud835\udfd0\ud835\udfce \ud835\udfce\ud835\udfce\ud835\udfce \ud835\udc33\u0142 (80% warto\u015bci projektu) w trybie rezerwy ministra na realizacj\u0119 zadania: \u201e\ud835\udc11\ud835\udc28\ud835\udc33\ud835\udc1b\ud835\udc2e\ud835\udc1d\ud835\udc28\ud835\udc30\ud835\udc1a \ud835\udc22 \ud835\udc29\ud835\udc2b\ud835\udc33\ud835\udc1e\ud835\udc1b\ud835\udc2e\ud835\udc1d\ud835\udc28\ud835\udc30\ud835\udc1a \ud835\udc1b\ud835\udc2e\ud835\udc1d\ud835\udc32\ud835\udc27\ud835\udc24\ud835\udc2e \ud835\udc2c\u0301\ud835\udc30\ud835\udc22\ud835\udc1e\ud835\udc2d\ud835\udc25\ud835\udc22\ud835\udc1c\ud835\udc32 \ud835\udc30\ud835\udc22\ud835\udc1e\ud835\udc23\ud835\udc2c\ud835\udc24\ud835\udc22\ud835\udc1e\ud835\udc23 \ud835\udc30 \ud835\udc07\ud835\udc28\u0142\ud835\udc2e\ud835\udc1c\ud835\udc33\ud835\udc24\ud835\udc28\ud835\udc30\ud835\udc22\ud835\udc1e\u201d. Celem inwestycji jest: Dzi\u0119ki realizacji projektu zwi\u0119kszy si\u0119 dost\u0119pno\u015b\u0107 oraz atrakcyjno\u015b\u0107 oferty kulturalnej dla mieszka\u0144c\u00f3w Gmina Tyrawa Wo\u0142oska. Sk\u0142adamy serdeczne [&hellip;]<\/p>\n","protected":false},"author":2,"featured_media":0,"parent":0,"menu_order":0,"comment_status":"closed","ping_status":"closed","template":"","meta":{"footnotes":""},"class_list":["post-5805","page","type-page","status-publish","hentry","no-thumb"],"_links":{"self":[{"href":"https:\/\/tyrawa.pl\/index.php?rest_route=\/wp\/v2\/pages\/5805","targetHints":{"allow":["GET"]}}],"collection":[{"href":"https:\/\/tyrawa.pl\/index.php?rest_route=\/wp\/v2\/pages"}],"about":[{"href":"https:\/\/tyrawa.pl\/index.php?rest_route=\/wp\/v2\/types\/page"}],"author":[{"embeddable":true,"href":"https:\/\/tyrawa.pl\/index.php?rest_route=\/wp\/v2\/users\/2"}],"replies":[{"embeddable":true,"href":"https:\/\/tyrawa.pl\/index.php?rest_route=%2Fwp%2Fv2%2Fcomments&post=5805"}],"version-history":[{"count":1,"href":"https:\/\/tyrawa.pl\/index.php?rest_route=\/wp\/v2\/pages\/5805\/revisions"}],"predecessor-version":[{"id":5808,"href":"https:\/\/tyrawa.pl\/index.php?rest_route=\/wp\/v2\/pages\/5805\/revisions\/5808"}],"wp:attachment":[{"href":"https:\/\/tyrawa.pl\/index.php?rest_route=%2Fwp%2Fv2%2Fmedia&parent=5805"}],"curies":[{"name":"wp","href":"https:\/\/api.w.org\/{rel}","templated":true}]}}