{"id":5635,"date":"2026-01-14T14:01:00","date_gmt":"2026-01-14T13:01:00","guid":{"rendered":"https:\/\/tyrawa.pl\/?page_id=5635"},"modified":"2026-03-17T12:55:41","modified_gmt":"2026-03-17T11:55:41","slug":"jednostki-organizacyjne","status":"publish","type":"page","link":"https:\/\/tyrawa.pl\/?page_id=5635","title":{"rendered":"Jednostki organizacyjne"},"content":{"rendered":"\n<p><a href=\"https:\/\/tyrawa.pl\/?page_id=3730\" data-type=\"link\" data-id=\"https:\/\/tyrawa.pl\/?page_id=3730\">Gminny O\u015brodek Pomocy Spo\u0142ecznej<\/a><\/p>\n\n\n\n<p><a href=\"https:\/\/tyrawa.pl\/?page_id=3732\" data-type=\"link\" data-id=\"https:\/\/tyrawa.pl\/?page_id=3732\">Gminna Biblioteka Publiczna<\/a><\/p>\n\n\n\n<p><a href=\"http:\/\/goktyrawa.pl\/\" data-type=\"link\" data-id=\"http:\/\/goktyrawa.pl\/\">Gminny O\u015brodek Kultury<\/a><\/p>\n\n\n\n<p><a href=\"https:\/\/tyrawa-woloska.edu.pl\/\" data-type=\"link\" data-id=\"https:\/\/tyrawa-woloska.edu.pl\/\">Szko\u0142a Podstawowa im. Marii Konopnickiej<\/a><\/p>\n\n\n\n<p><a href=\"https:\/\/tyrawa.pl\/?page_id=3715\" data-type=\"link\" data-id=\"https:\/\/tyrawa.pl\/?page_id=3715\">Samodzielne Stanowisko ds. O\u015bwiaty<\/a><\/p>\n","protected":false},"excerpt":{"rendered":"<p>Gminny O\u015brodek Pomocy Spo\u0142ecznej Gminna Biblioteka Publiczna Gminny O\u015brodek Kultury Szko\u0142a Podstawowa im. Marii Konopnickiej Samodzielne Stanowisko ds. O\u015bwiaty<\/p>\n","protected":false},"author":2,"featured_media":0,"parent":0,"menu_order":0,"comment_status":"closed","ping_status":"closed","template":"","meta":{"footnotes":""},"class_list":["post-5635","page","type-page","status-publish","hentry","no-thumb"],"_links":{"self":[{"href":"https:\/\/tyrawa.pl\/index.php?rest_route=\/wp\/v2\/pages\/5635","targetHints":{"allow":["GET"]}}],"collection":[{"href":"https:\/\/tyrawa.pl\/index.php?rest_route=\/wp\/v2\/pages"}],"about":[{"href":"https:\/\/tyrawa.pl\/index.php?rest_route=\/wp\/v2\/types\/page"}],"author":[{"embeddable":true,"href":"https:\/\/tyrawa.pl\/index.php?rest_route=\/wp\/v2\/users\/2"}],"replies":[{"embeddable":true,"href":"https:\/\/tyrawa.pl\/index.php?rest_route=%2Fwp%2Fv2%2Fcomments&post=5635"}],"version-history":[{"count":3,"href":"https:\/\/tyrawa.pl\/index.php?rest_route=\/wp\/v2\/pages\/5635\/revisions"}],"predecessor-version":[{"id":5823,"href":"https:\/\/tyrawa.pl\/index.php?rest_route=\/wp\/v2\/pages\/5635\/revisions\/5823"}],"wp:attachment":[{"href":"https:\/\/tyrawa.pl\/index.php?rest_route=%2Fwp%2Fv2%2Fmedia&parent=5635"}],"curies":[{"name":"wp","href":"https:\/\/api.w.org\/{rel}","templated":true}]}}