{"id":5620,"date":"2026-01-14T13:40:20","date_gmt":"2026-01-14T12:40:20","guid":{"rendered":"https:\/\/tyrawa.pl\/?page_id=5620"},"modified":"2026-01-14T14:21:37","modified_gmt":"2026-01-14T13:21:37","slug":"informacje","status":"publish","type":"page","link":"https:\/\/tyrawa.pl\/?page_id=5620","title":{"rendered":"Informacje"},"content":{"rendered":"\n<p><a href=\"https:\/\/tyrawa.pl\/?page_id=5191\" data-type=\"link\" data-id=\"https:\/\/tyrawa.pl\/?page_id=5191\">Informacja o dzia\u0142aniach priorytetowych Policji<\/a><\/p>\n\n\n\n<p><a href=\"https:\/\/tyrawa.pl\/?page_id=5471\" data-type=\"link\" data-id=\"https:\/\/tyrawa.pl\/?page_id=5471\">Informacja o realizacji przedsi\u0119wzi\u0119cia<\/a><\/p>\n\n\n\n<p><a href=\"https:\/\/tyrawa.pl\/?page_id=5477\" data-type=\"link\" data-id=\"https:\/\/tyrawa.pl\/?page_id=5477\">Informacja o realizacji zadania<\/a><\/p>\n\n\n\n<p><a href=\"https:\/\/tyrawa.pl\/?page_id=5210\" data-type=\"link\" data-id=\"https:\/\/tyrawa.pl\/?page_id=5210\">Premia spo\u0142eczna<\/a><\/p>\n\n\n\n<p><a href=\"https:\/\/tyrawa.pl\/?page_id=5591\" data-type=\"link\" data-id=\"https:\/\/tyrawa.pl\/?page_id=5591\">E-dor\u0119czenia \u2013 nowy standard korespondencji z urz\u0119dem od 1 stycznia 2026 r.<\/a><\/p>\n\n\n\n<p><\/p>\n","protected":false},"excerpt":{"rendered":"<p>Informacja o dzia\u0142aniach priorytetowych Policji Informacja o realizacji przedsi\u0119wzi\u0119cia Informacja o realizacji zadania Premia spo\u0142eczna E-dor\u0119czenia \u2013 nowy standard korespondencji z urz\u0119dem od 1 stycznia 2026 r.<\/p>\n","protected":false},"author":2,"featured_media":0,"parent":0,"menu_order":0,"comment_status":"closed","ping_status":"closed","template":"","meta":{"footnotes":""},"class_list":["post-5620","page","type-page","status-publish","hentry","no-thumb"],"_links":{"self":[{"href":"https:\/\/tyrawa.pl\/index.php?rest_route=\/wp\/v2\/pages\/5620","targetHints":{"allow":["GET"]}}],"collection":[{"href":"https:\/\/tyrawa.pl\/index.php?rest_route=\/wp\/v2\/pages"}],"about":[{"href":"https:\/\/tyrawa.pl\/index.php?rest_route=\/wp\/v2\/types\/page"}],"author":[{"embeddable":true,"href":"https:\/\/tyrawa.pl\/index.php?rest_route=\/wp\/v2\/users\/2"}],"replies":[{"embeddable":true,"href":"https:\/\/tyrawa.pl\/index.php?rest_route=%2Fwp%2Fv2%2Fcomments&post=5620"}],"version-history":[{"count":2,"href":"https:\/\/tyrawa.pl\/index.php?rest_route=\/wp\/v2\/pages\/5620\/revisions"}],"predecessor-version":[{"id":5651,"href":"https:\/\/tyrawa.pl\/index.php?rest_route=\/wp\/v2\/pages\/5620\/revisions\/5651"}],"wp:attachment":[{"href":"https:\/\/tyrawa.pl\/index.php?rest_route=%2Fwp%2Fv2%2Fmedia&parent=5620"}],"curies":[{"name":"wp","href":"https:\/\/api.w.org\/{rel}","templated":true}]}}