{"id":5613,"date":"2026-01-14T13:33:34","date_gmt":"2026-01-14T12:33:34","guid":{"rendered":"https:\/\/tyrawa.pl\/?page_id=5613"},"modified":"2026-04-08T13:38:11","modified_gmt":"2026-04-08T11:38:11","slug":"dotacje","status":"publish","type":"page","link":"https:\/\/tyrawa.pl\/?page_id=5613","title":{"rendered":"Dotacje"},"content":{"rendered":"\n<p><a href=\"https:\/\/tyrawa.pl\/?page_id=3734\" data-type=\"link\" data-id=\"https:\/\/tyrawa.pl\/?page_id=3734\">Stabilizacja osuwiska w Ho\u0142uczkowie<\/a><\/p>\n\n\n\n<p><a href=\"https:\/\/tyrawa.pl\/?page_id=3736\" data-type=\"link\" data-id=\"https:\/\/tyrawa.pl\/?page_id=3736\">Modernizacja budynku \u015awietlicy Wiejskiej w Ho\u0142uczkowie<\/a><\/p>\n\n\n\n<p><a href=\"https:\/\/tyrawa.pl\/?page_id=3738\" data-type=\"link\" data-id=\"https:\/\/tyrawa.pl\/?page_id=3738\">Przebudowa pomieszcze\u0144 Gminnego O\u015brodka Kultury na potrzeby prowadzenia dzia\u0142alno\u015bci kulturalnej<\/a><\/p>\n\n\n\n<p><a href=\"https:\/\/tyrawa.pl\/?page_id=4748\" data-type=\"link\" data-id=\"https:\/\/tyrawa.pl\/?page_id=4748\">Budowa targowiska sta\u0142ego wraz z infrastruktur\u0105 towarzysz\u0105c\u0105 w Tyrawie Wo\u0142oskiej<\/a><\/p>\n\n\n\n<p><a href=\"https:\/\/tyrawa.pl\/?page_id=4876\" data-type=\"link\" data-id=\"https:\/\/tyrawa.pl\/?page_id=4876\">Czas na Podkarpackie &#8211; Edycja II<\/a><\/p>\n\n\n\n<p><a href=\"https:\/\/tyrawa.pl\/?page_id=4001\" data-type=\"link\" data-id=\"https:\/\/tyrawa.pl\/?page_id=4001\">Podkarpacki Program Odnowy Wsi<\/a><\/p>\n\n\n\n<p><a href=\"https:\/\/tyrawa.pl\/?page_id=5805\" data-type=\"link\" data-id=\"https:\/\/tyrawa.pl\/?page_id=5805\">Rozbudowa i przebudowa budynku \u015bwietlicy wiejskiej w Ho\u0142uczkowie<\/a><\/p>\n\n\n\n<p><a href=\"https:\/\/tyrawa.pl\/?page_id=5891\" data-type=\"page\" data-id=\"5891\">Przebudowa dachu wraz z wymian\u0105 pokrycia dachowego budynku Gminnego O\u015brodka Kultury<\/a><\/p>\n","protected":false},"excerpt":{"rendered":"<p>Stabilizacja osuwiska w Ho\u0142uczkowie Modernizacja budynku \u015awietlicy Wiejskiej w Ho\u0142uczkowie Przebudowa pomieszcze\u0144 Gminnego O\u015brodka Kultury na potrzeby prowadzenia dzia\u0142alno\u015bci kulturalnej Budowa targowiska sta\u0142ego wraz z infrastruktur\u0105 towarzysz\u0105c\u0105 w Tyrawie Wo\u0142oskiej Czas na Podkarpackie &#8211; Edycja II Podkarpacki Program Odnowy Wsi Rozbudowa i przebudowa budynku \u015bwietlicy wiejskiej w Ho\u0142uczkowie Przebudowa dachu wraz z wymian\u0105 pokrycia dachowego [&hellip;]<\/p>\n","protected":false},"author":2,"featured_media":0,"parent":0,"menu_order":0,"comment_status":"closed","ping_status":"closed","template":"","meta":{"footnotes":""},"class_list":["post-5613","page","type-page","status-publish","hentry","no-thumb"],"_links":{"self":[{"href":"https:\/\/tyrawa.pl\/index.php?rest_route=\/wp\/v2\/pages\/5613","targetHints":{"allow":["GET"]}}],"collection":[{"href":"https:\/\/tyrawa.pl\/index.php?rest_route=\/wp\/v2\/pages"}],"about":[{"href":"https:\/\/tyrawa.pl\/index.php?rest_route=\/wp\/v2\/types\/page"}],"author":[{"embeddable":true,"href":"https:\/\/tyrawa.pl\/index.php?rest_route=\/wp\/v2\/users\/2"}],"replies":[{"embeddable":true,"href":"https:\/\/tyrawa.pl\/index.php?rest_route=%2Fwp%2Fv2%2Fcomments&post=5613"}],"version-history":[{"count":4,"href":"https:\/\/tyrawa.pl\/index.php?rest_route=\/wp\/v2\/pages\/5613\/revisions"}],"predecessor-version":[{"id":5896,"href":"https:\/\/tyrawa.pl\/index.php?rest_route=\/wp\/v2\/pages\/5613\/revisions\/5896"}],"wp:attachment":[{"href":"https:\/\/tyrawa.pl\/index.php?rest_route=%2Fwp%2Fv2%2Fmedia&parent=5613"}],"curies":[{"name":"wp","href":"https:\/\/api.w.org\/{rel}","templated":true}]}}