{"id":5591,"date":"2026-01-14T13:23:38","date_gmt":"2026-01-14T12:23:38","guid":{"rendered":"https:\/\/tyrawa.pl\/?page_id=5591"},"modified":"2026-01-14T14:20:30","modified_gmt":"2026-01-14T13:20:30","slug":"e-doreczenia-nowy-standard-korespondencji-z-urzedem-od-1-stycznia-2026-r","status":"publish","type":"page","link":"https:\/\/tyrawa.pl\/?page_id=5591","title":{"rendered":"E-dor\u0119czenia \u2013 nowy standard korespondencji z urz\u0119dem od 1 stycznia 2026 r."},"content":{"rendered":"\n<figure class=\"wp-block-image size-large\"><img fetchpriority=\"high\" decoding=\"async\" width=\"1024\" height=\"432\" src=\"https:\/\/tyrawa.pl\/wp-content\/uploads\/2026\/01\/e-doreczenia-1024x432.png\" alt=\"\" class=\"wp-image-5589\" srcset=\"https:\/\/tyrawa.pl\/wp-content\/uploads\/2026\/01\/e-doreczenia-1024x432.png 1024w, https:\/\/tyrawa.pl\/wp-content\/uploads\/2026\/01\/e-doreczenia-300x127.png 300w, https:\/\/tyrawa.pl\/wp-content\/uploads\/2026\/01\/e-doreczenia-768x324.png 768w, https:\/\/tyrawa.pl\/wp-content\/uploads\/2026\/01\/e-doreczenia.png 1460w\" sizes=\"(max-width: 1024px) 100vw, 1024px\" \/><\/figure>\n\n\n\n<p><\/p>\n\n\n\n<p><strong>Od nowego roku wesz\u0142y w \u017cycie zmiany w elektronicznej komunikacji urz\u0119d\u00f3w z obywatelami i przedsi\u0119biorcami. Podstawowym kana\u0142em korespondencji sta\u0142y si\u0119 e-Dor\u0119czenia, kt\u00f3re zast\u0105pi\u0142y dotychczasowy system ePUAP, kt\u00f3ry b\u0119dzie wykorzystywany wy\u0142\u0105cznie w sytuacjach okre\u015blonych w przepisach szczeg\u00f3lnych.<\/strong><\/p>\n\n\n\n<p>Od 1 stycznia 2026 r. jego miejsce zaj\u0119\u0142y e-Dor\u0119czenia, kt\u00f3re sta\u0142y si\u0119 g\u0142\u00f3wnym kana\u0142em kontaktu podmiot\u00f3w publicznych z obywatelami i przedsi\u0119biorcami. To nie tylko zmiana systemu, lecz przede wszystkim nowe standardy bezpiecze\u0144stwa. R\u00f3wnocze\u015bnie korespondencja elektroniczna zyska\u0142a tak\u0105 sam\u0105 moc prawn\u0105 jak tradycyjny list polecony za potwierdzeniem odbioru.&nbsp;<strong>Korespondencja kierowana do podmiot\u00f3w publicznych za po\u015brednictwem publicznej us\u0142ugi rejestrowanego dor\u0119czenia elektronicznego (PURDE) jest bezp\u0142atna dla wszystkich u\u017cytkownik\u00f3w!<\/strong><\/p>\n\n\n\n<p><strong>UWAGA! Aby skutecznie sk\u0142ada\u0107 wnioski i pisma do urz\u0119d\u00f3w w formie elektronicznej, konieczne jest posiadanie aktywnego adresu do e-Dor\u0119cze\u0144.&nbsp;<\/strong>Jego za\u0142o\u017cenie jest proste i nie wymaga wizyty w urz\u0119dzie \u2013 mo\u017cna go przeprowadzi\u0107 online, w nast\u0119puj\u0105cy spos\u00f3b:<\/p>\n\n\n\n<ol class=\"wp-block-list\">\n<li>wejd\u017a na stron\u0119&nbsp;<a href=\"https:\/\/www.gov.pl\/web\/e-doreczenia\" target=\"_blank\" rel=\"noreferrer noopener\">https:\/\/www.gov.pl\/web\/e-doreczenia<\/a><\/li>\n\n\n\n<li>zaloguj si\u0119 (np. przy u\u017cyciu profilu zaufanego lub e-dowodu),<\/li>\n\n\n\n<li>wype\u0142nij kr\u00f3tki wniosek o nadanie adresu,<\/li>\n\n\n\n<li>po jego otrzymaniu aktywuj skrzynk\u0119 do e-Dor\u0119cze\u0144.<\/li>\n<\/ol>\n\n\n\n<p><strong>Dla os\u00f3b fizycznych, kt\u00f3re nie posiadaj\u0105 jeszcze adresu do e-Dor\u0119cze\u0144, nic si\u0119 nie zmieni \u2013 to oznacza, \u017ce korespondencja nadal b\u0119dzie wysy\u0142ana przez urz\u0105d w dotychczasowej formie, np. przesy\u0142ek listowych za potwierdzeniem odbioru, kt\u00f3ra to us\u0142uga b\u0119dzie stopniowo zast\u0119powana przez tzw. us\u0142ug\u0119 hybrydow\u0105. Zgodnie z ustaw\u0105 z dnia 18 listopada 2020 r. o dor\u0119czeniach elektronicznych jednostki samorz\u0105du terytorialnego maj\u0105&nbsp;obowi\u0105zek stosowania publicznej&nbsp;us\u0142ugi hybrydowej PUH (elektroniczno-papierowej)&nbsp;od dnia 1 pa\u017adziernika 2029 r.&nbsp;<\/strong>W praktyce b\u0119dzie&nbsp;oznacza\u0142o&nbsp;to, \u017ce urz\u0105d przygotuje dokument w formie elektronicznej, kt\u00f3ry nast\u0119pnie trafi do operatora pocztowego, zostanie automatycznie wydrukowany i dor\u0119czony adresatowi w wersji papierowej.<\/p>\n\n\n\n<p><strong>Adres Urz\u0119du Gminy Tyrawa Wo\u0142oska&nbsp;do e-Dor\u0119cze\u0144:<br><\/strong><strong>AE:PL-96899-40524-UGTWC-22<br><br>Kiedy ePUAP nadal obowi\u0105zuje?<\/strong><\/p>\n\n\n\n<p>Wa\u017cne! Od nowego roku ePUAP mo\u017ce by\u0107 wykorzystywany wy\u0142\u0105cznie w przypadkach wskazanych w przepisach szczeg\u00f3lnych, takich jak m.in. wniesienie skargi do Wojew\u00f3dzkiego S\u0105du Administracyjnego, z\u0142o\u017cenie wniosku o udost\u0119pnienie informacji publicznej,&nbsp;wniesienie petycji czy z\u0142o\u017cenie deklaracji na podatki lokalne (m.in.: podatek od nieruchomo\u015bci, podatek rolny, podatek le\u015bny, itp. &nbsp;(druki IN-1, IR-1, IL-1, DR-1, DL-1, DT-1, DN-1).&nbsp;<strong>W pozosta\u0142ych sprawach korespondencja wys\u0142ana do urz\u0119du t\u0105 drog\u0105 b\u0119dzie uznawana za nieskuteczn\u0105.<\/strong><\/p>\n\n\n\n<p><strong>Wi\u0119cej szczeg\u00f3\u0142owych informacji na temat e-Dor\u0119cze\u0144 mo\u017cna znale\u017a\u0107 na stronie internetowej:&nbsp;<\/strong><a href=\"https:\/\/www.gov.pl\/web\/e-doreczenia\/czym-sa-e-doreczenia\" target=\"_blank\" rel=\"noreferrer noopener\"><strong>https:\/\/www.gov.pl\/web\/e-doreczenia\/czym-sa-e-doreczenia<\/strong><\/a><\/p>\n","protected":false},"excerpt":{"rendered":"<p>Od nowego roku wesz\u0142y w \u017cycie zmiany w elektronicznej komunikacji urz\u0119d\u00f3w z obywatelami i przedsi\u0119biorcami. Podstawowym kana\u0142em korespondencji sta\u0142y si\u0119 e-Dor\u0119czenia, kt\u00f3re zast\u0105pi\u0142y dotychczasowy system ePUAP, kt\u00f3ry b\u0119dzie wykorzystywany wy\u0142\u0105cznie w sytuacjach okre\u015blonych w przepisach szczeg\u00f3lnych. Od 1 stycznia 2026 r. jego miejsce zaj\u0119\u0142y e-Dor\u0119czenia, kt\u00f3re sta\u0142y si\u0119 g\u0142\u00f3wnym kana\u0142em kontaktu podmiot\u00f3w publicznych z obywatelami [&hellip;]<\/p>\n","protected":false},"author":2,"featured_media":0,"parent":0,"menu_order":0,"comment_status":"closed","ping_status":"closed","template":"","meta":{"footnotes":""},"class_list":["post-5591","page","type-page","status-publish","hentry","no-thumb"],"_links":{"self":[{"href":"https:\/\/tyrawa.pl\/index.php?rest_route=\/wp\/v2\/pages\/5591","targetHints":{"allow":["GET"]}}],"collection":[{"href":"https:\/\/tyrawa.pl\/index.php?rest_route=\/wp\/v2\/pages"}],"about":[{"href":"https:\/\/tyrawa.pl\/index.php?rest_route=\/wp\/v2\/types\/page"}],"author":[{"embeddable":true,"href":"https:\/\/tyrawa.pl\/index.php?rest_route=\/wp\/v2\/users\/2"}],"replies":[{"embeddable":true,"href":"https:\/\/tyrawa.pl\/index.php?rest_route=%2Fwp%2Fv2%2Fcomments&post=5591"}],"version-history":[{"count":2,"href":"https:\/\/tyrawa.pl\/index.php?rest_route=\/wp\/v2\/pages\/5591\/revisions"}],"predecessor-version":[{"id":5650,"href":"https:\/\/tyrawa.pl\/index.php?rest_route=\/wp\/v2\/pages\/5591\/revisions\/5650"}],"wp:attachment":[{"href":"https:\/\/tyrawa.pl\/index.php?rest_route=%2Fwp%2Fv2%2Fmedia&parent=5591"}],"curies":[{"name":"wp","href":"https:\/\/api.w.org\/{rel}","templated":true}]}}