{"id":5530,"date":"2025-12-30T09:38:11","date_gmt":"2025-12-30T08:38:11","guid":{"rendered":"https:\/\/tyrawa.pl\/?page_id=5530"},"modified":"2025-12-30T11:57:55","modified_gmt":"2025-12-30T10:57:55","slug":"odpady-komunalne","status":"publish","type":"page","link":"https:\/\/tyrawa.pl\/?page_id=5530","title":{"rendered":"Odpady komunalne"},"content":{"rendered":"\n<div data-wp-interactive=\"core\/file\" class=\"wp-block-file\"><object data-wp-bind--hidden=\"!state.hasPdfPreview\" hidden class=\"wp-block-file__embed\" data=\"https:\/\/tyrawa.pl\/wp-content\/uploads\/2025\/12\/Informacja-dla-mieszkancow-Gminy-Tyrawa-Woloska.pdf\" type=\"application\/pdf\" style=\"width:100%;height:600px\" aria-label=\"Osadzone z Informacja dla mieszka\u0144c\u00f3w Gminy Tyrawa Wo\u0142oska.\"><\/object><a id=\"wp-block-file--media-5c02a5da-e49a-4bde-955d-fbe719d6b67b\" href=\"https:\/\/tyrawa.pl\/wp-content\/uploads\/2025\/12\/Informacja-dla-mieszkancow-Gminy-Tyrawa-Woloska.pdf\">Informacja dla mieszka\u0144c\u00f3w Gminy Tyrawa Wo\u0142oska<\/a><a href=\"https:\/\/tyrawa.pl\/wp-content\/uploads\/2025\/12\/Informacja-dla-mieszkancow-Gminy-Tyrawa-Woloska.pdf\" class=\"wp-block-file__button wp-element-button\" download aria-describedby=\"wp-block-file--media-5c02a5da-e49a-4bde-955d-fbe719d6b67b\">Pobierz<\/a><\/div>\n\n\n\n<div data-wp-interactive=\"core\/file\" class=\"wp-block-file\"><object data-wp-bind--hidden=\"!state.hasPdfPreview\" hidden class=\"wp-block-file__embed\" data=\"https:\/\/tyrawa.pl\/wp-content\/uploads\/2025\/12\/Harmonogram-na-2026.pdf\" type=\"application\/pdf\" style=\"width:100%;height:600px\" aria-label=\"Osadzone z Harmonogram na 2026.\"><\/object><a id=\"wp-block-file--media-01a2a26f-31bd-4035-b6d0-a57cdcc2abd1\" href=\"https:\/\/tyrawa.pl\/wp-content\/uploads\/2025\/12\/Harmonogram-na-2026.pdf\">Harmonogram na 2026<\/a><a href=\"https:\/\/tyrawa.pl\/wp-content\/uploads\/2025\/12\/Harmonogram-na-2026.pdf\" class=\"wp-block-file__button wp-element-button\" download aria-describedby=\"wp-block-file--media-01a2a26f-31bd-4035-b6d0-a57cdcc2abd1\">Pobierz<\/a><\/div>\n","protected":false},"excerpt":{"rendered":"","protected":false},"author":2,"featured_media":0,"parent":0,"menu_order":0,"comment_status":"closed","ping_status":"closed","template":"","meta":{"footnotes":""},"class_list":["post-5530","page","type-page","status-publish","hentry","no-thumb"],"_links":{"self":[{"href":"https:\/\/tyrawa.pl\/index.php?rest_route=\/wp\/v2\/pages\/5530","targetHints":{"allow":["GET"]}}],"collection":[{"href":"https:\/\/tyrawa.pl\/index.php?rest_route=\/wp\/v2\/pages"}],"about":[{"href":"https:\/\/tyrawa.pl\/index.php?rest_route=\/wp\/v2\/types\/page"}],"author":[{"embeddable":true,"href":"https:\/\/tyrawa.pl\/index.php?rest_route=\/wp\/v2\/users\/2"}],"replies":[{"embeddable":true,"href":"https:\/\/tyrawa.pl\/index.php?rest_route=%2Fwp%2Fv2%2Fcomments&post=5530"}],"version-history":[{"count":2,"href":"https:\/\/tyrawa.pl\/index.php?rest_route=\/wp\/v2\/pages\/5530\/revisions"}],"predecessor-version":[{"id":5543,"href":"https:\/\/tyrawa.pl\/index.php?rest_route=\/wp\/v2\/pages\/5530\/revisions\/5543"}],"wp:attachment":[{"href":"https:\/\/tyrawa.pl\/index.php?rest_route=%2Fwp%2Fv2%2Fmedia&parent=5530"}],"curies":[{"name":"wp","href":"https:\/\/api.w.org\/{rel}","templated":true}]}}