{"id":5477,"date":"2025-11-20T11:44:52","date_gmt":"2025-11-20T10:44:52","guid":{"rendered":"https:\/\/tyrawa.pl\/?page_id=5477"},"modified":"2025-11-28T09:20:27","modified_gmt":"2025-11-28T08:20:27","slug":"informacja-o-realizacji-zadania","status":"publish","type":"page","link":"https:\/\/tyrawa.pl\/?page_id=5477","title":{"rendered":"Informacja o realizacji zadania"},"content":{"rendered":"\n<figure class=\"wp-block-image size-full\"><img fetchpriority=\"high\" decoding=\"async\" width=\"906\" height=\"234\" src=\"https:\/\/tyrawa.pl\/wp-content\/uploads\/2025\/11\/WFOSiGW-Rzeszow-logo.png\" alt=\"\" class=\"wp-image-5479\" srcset=\"https:\/\/tyrawa.pl\/wp-content\/uploads\/2025\/11\/WFOSiGW-Rzeszow-logo.png 906w, https:\/\/tyrawa.pl\/wp-content\/uploads\/2025\/11\/WFOSiGW-Rzeszow-logo-300x77.png 300w, https:\/\/tyrawa.pl\/wp-content\/uploads\/2025\/11\/WFOSiGW-Rzeszow-logo-768x198.png 768w\" sizes=\"(max-width: 906px) 100vw, 906px\" \/><\/figure>\n\n\n\n<p>Realizacja zadania pn.: \u201eUsuwanie wyrob\u00f3w zawieraj\u0105cych azbest z terenu Gminy Tyrawa Wo\u0142oska\u201d w 2025 roku zrealizowano dzi\u0119ki wsparciu Wojew\u00f3dzkiego Funduszu Ochrony \u015arodowiska i Gospodarki Wodnej w Rzeszowie w kwocie 19.779,55 z\u0142\u201d<\/p>\n","protected":false},"excerpt":{"rendered":"<p>Realizacja zadania pn.: \u201eUsuwanie wyrob\u00f3w zawieraj\u0105cych azbest z terenu Gminy Tyrawa Wo\u0142oska\u201d w 2025 roku zrealizowano dzi\u0119ki wsparciu Wojew\u00f3dzkiego Funduszu Ochrony \u015arodowiska i Gospodarki Wodnej w Rzeszowie w kwocie 19.779,55 z\u0142\u201d<\/p>\n","protected":false},"author":2,"featured_media":0,"parent":0,"menu_order":0,"comment_status":"closed","ping_status":"closed","template":"","meta":{"footnotes":""},"class_list":["post-5477","page","type-page","status-publish","hentry","no-thumb"],"_links":{"self":[{"href":"https:\/\/tyrawa.pl\/index.php?rest_route=\/wp\/v2\/pages\/5477","targetHints":{"allow":["GET"]}}],"collection":[{"href":"https:\/\/tyrawa.pl\/index.php?rest_route=\/wp\/v2\/pages"}],"about":[{"href":"https:\/\/tyrawa.pl\/index.php?rest_route=\/wp\/v2\/types\/page"}],"author":[{"embeddable":true,"href":"https:\/\/tyrawa.pl\/index.php?rest_route=\/wp\/v2\/users\/2"}],"replies":[{"embeddable":true,"href":"https:\/\/tyrawa.pl\/index.php?rest_route=%2Fwp%2Fv2%2Fcomments&post=5477"}],"version-history":[{"count":2,"href":"https:\/\/tyrawa.pl\/index.php?rest_route=\/wp\/v2\/pages\/5477\/revisions"}],"predecessor-version":[{"id":5492,"href":"https:\/\/tyrawa.pl\/index.php?rest_route=\/wp\/v2\/pages\/5477\/revisions\/5492"}],"wp:attachment":[{"href":"https:\/\/tyrawa.pl\/index.php?rest_route=%2Fwp%2Fv2%2Fmedia&parent=5477"}],"curies":[{"name":"wp","href":"https:\/\/api.w.org\/{rel}","templated":true}]}}