{"id":5471,"date":"2025-11-20T11:30:44","date_gmt":"2025-11-20T10:30:44","guid":{"rendered":"https:\/\/tyrawa.pl\/?page_id=5471"},"modified":"2025-11-25T14:04:28","modified_gmt":"2025-11-25T13:04:28","slug":"informacja-o-realizacji-przedsiewziecia","status":"publish","type":"page","link":"https:\/\/tyrawa.pl\/?page_id=5471","title":{"rendered":"Informacja o realizacji przedsi\u0119wzi\u0119cia"},"content":{"rendered":"\n<figure class=\"wp-block-image size-large\"><img fetchpriority=\"high\" decoding=\"async\" width=\"1024\" height=\"131\" src=\"https:\/\/tyrawa.pl\/wp-content\/uploads\/2025\/11\/KPO-Logotyp-1024x131.jpg\" alt=\"\" class=\"wp-image-5472\" srcset=\"https:\/\/tyrawa.pl\/wp-content\/uploads\/2025\/11\/KPO-Logotyp-1024x131.jpg 1024w, https:\/\/tyrawa.pl\/wp-content\/uploads\/2025\/11\/KPO-Logotyp-300x38.jpg 300w, https:\/\/tyrawa.pl\/wp-content\/uploads\/2025\/11\/KPO-Logotyp-768x98.jpg 768w, https:\/\/tyrawa.pl\/wp-content\/uploads\/2025\/11\/KPO-Logotyp-1536x197.jpg 1536w, https:\/\/tyrawa.pl\/wp-content\/uploads\/2025\/11\/KPO-Logotyp-2048x262.jpg 2048w\" sizes=\"(max-width: 1024px) 100vw, 1024px\" \/><\/figure>\n\n\n\n<p>Gmina Tyrawa Wo\u0142oska uczestniczy w realizacji przedsi\u0119wzi\u0119cie pn.: <strong>\u201eWdra\u017canie inwestycji C2.2.1 <em>Wyposa\u017cenie szk\u00f3\u0142\/instytucji w odpowiednie urz\u0105dzenia i infrastruktur\u0119 ICT w celu poprawy og\u00f3lnej wydajno\u015bci system\u00f3w edukacji, wska\u017anik C12L Zestawy narz\u0119dzi informatycznych na potrzeby prowadzenia lekcji zdalnych lub hybrydowych dostarczone szko\u0142om zawodowym i instytucjom kszta\u0142cenia og\u00f3lnego\u201d<\/em><\/strong><strong><em><\/em><\/strong><\/p>\n\n\n\n<p>Kwota dofinansowania z Unii Europejskiej: <strong>99&nbsp;408&nbsp;735,28 z\u0142.<\/strong><\/p>\n\n\n\n<p>W ramach podpisanej umowy Gmina otrzyma nieodp\u0142atnie 11 zestaw\u00f3w do nauczania zdalnego, sk\u0142adaj\u0105cych si\u0119 z nast\u0119puj\u0105cych element\u00f3w:<\/p>\n\n\n\n<ol class=\"wp-block-list\">\n<li>tablet pi\u00f3rkowy (graficzny) bez ekranu,<\/li>\n\n\n\n<li>s\u0142uchawki z mikrofonem,<\/li>\n\n\n\n<li>mikrofon ze stacj\u0105 do zbierania d\u017awi\u0119ku z Sali,<\/li>\n\n\n\n<li>kamera,<\/li>\n\n\n\n<li>statyw wysoki,<\/li>\n\n\n\n<li>HUB USB,<\/li>\n\n\n\n<li>instrukcja obs\u0142ugi.<\/li>\n<\/ol>\n\n\n\n<p>&nbsp;<strong>Sprz\u0119t zostanie przekazany Szkole Podstawowej im. Marii Konopnickiej w Tyrawie Wo\u0142oskiej, w kt\u00f3rej projekt b\u0119dzie realizowany.<\/strong><\/p>\n","protected":false},"excerpt":{"rendered":"<p>Gmina Tyrawa Wo\u0142oska uczestniczy w realizacji przedsi\u0119wzi\u0119cie pn.: \u201eWdra\u017canie inwestycji C2.2.1 Wyposa\u017cenie szk\u00f3\u0142\/instytucji w odpowiednie urz\u0105dzenia i infrastruktur\u0119 ICT w celu poprawy og\u00f3lnej wydajno\u015bci system\u00f3w edukacji, wska\u017anik C12L Zestawy narz\u0119dzi informatycznych na potrzeby prowadzenia lekcji zdalnych lub hybrydowych dostarczone szko\u0142om zawodowym i instytucjom kszta\u0142cenia og\u00f3lnego\u201d Kwota dofinansowania z Unii Europejskiej: 99&nbsp;408&nbsp;735,28 z\u0142. W ramach podpisanej [&hellip;]<\/p>\n","protected":false},"author":2,"featured_media":0,"parent":0,"menu_order":0,"comment_status":"closed","ping_status":"closed","template":"","meta":{"footnotes":""},"class_list":["post-5471","page","type-page","status-publish","hentry","no-thumb"],"_links":{"self":[{"href":"https:\/\/tyrawa.pl\/index.php?rest_route=\/wp\/v2\/pages\/5471","targetHints":{"allow":["GET"]}}],"collection":[{"href":"https:\/\/tyrawa.pl\/index.php?rest_route=\/wp\/v2\/pages"}],"about":[{"href":"https:\/\/tyrawa.pl\/index.php?rest_route=\/wp\/v2\/types\/page"}],"author":[{"embeddable":true,"href":"https:\/\/tyrawa.pl\/index.php?rest_route=\/wp\/v2\/users\/2"}],"replies":[{"embeddable":true,"href":"https:\/\/tyrawa.pl\/index.php?rest_route=%2Fwp%2Fv2%2Fcomments&post=5471"}],"version-history":[{"count":2,"href":"https:\/\/tyrawa.pl\/index.php?rest_route=\/wp\/v2\/pages\/5471\/revisions"}],"predecessor-version":[{"id":5491,"href":"https:\/\/tyrawa.pl\/index.php?rest_route=\/wp\/v2\/pages\/5471\/revisions\/5491"}],"wp:attachment":[{"href":"https:\/\/tyrawa.pl\/index.php?rest_route=%2Fwp%2Fv2%2Fmedia&parent=5471"}],"curies":[{"name":"wp","href":"https:\/\/api.w.org\/{rel}","templated":true}]}}