{"id":5302,"date":"2024-10-07T11:20:00","date_gmt":"2024-10-07T09:20:00","guid":{"rendered":"https:\/\/tyrawa.pl\/?page_id=5302"},"modified":"2025-12-19T08:03:38","modified_gmt":"2025-12-19T07:03:38","slug":"plany-polowan","status":"publish","type":"page","link":"https:\/\/tyrawa.pl\/?page_id=5302","title":{"rendered":"Plany polowa\u0144"},"content":{"rendered":"\n<div data-wp-interactive=\"core\/file\" class=\"wp-block-file\"><object data-wp-bind--hidden=\"!state.hasPdfPreview\" hidden class=\"wp-block-file__embed\" data=\"https:\/\/tyrawa.pl\/wp-content\/uploads\/2025\/10\/Obwieszczenie-i-plan-polowan-Zubr-2024-2025-.pdf\" type=\"application\/pdf\" style=\"width:100%;height:600px\" aria-label=\"Osadzone z Obwieszczenie i plan polowa\u0144 \u017bubr 2024-2025.\"><\/object><a id=\"wp-block-file--media-e0b92fa2-c8a8-438f-8735-a5ff0072e99f\" href=\"https:\/\/tyrawa.pl\/wp-content\/uploads\/2025\/10\/Obwieszczenie-i-plan-polowan-Zubr-2024-2025-.pdf\">Obwieszczenie i plan polowa\u0144 \u017bubr 2024-2025<\/a><a href=\"https:\/\/tyrawa.pl\/wp-content\/uploads\/2025\/10\/Obwieszczenie-i-plan-polowan-Zubr-2024-2025-.pdf\" class=\"wp-block-file__button wp-element-button\" download aria-describedby=\"wp-block-file--media-e0b92fa2-c8a8-438f-8735-a5ff0072e99f\">Pobierz<\/a><\/div>\n\n\n\n<div data-wp-interactive=\"core\/file\" class=\"wp-block-file\"><object data-wp-bind--hidden=\"!state.hasPdfPreview\" hidden class=\"wp-block-file__embed\" data=\"https:\/\/tyrawa.pl\/wp-content\/uploads\/2025\/10\/Obwieszczenie-i-plan-polowan-Jarzabek-2024-2025-.pdf\" type=\"application\/pdf\" style=\"width:100%;height:600px\" aria-label=\"Osadzone z Obwieszczenie i plan polowa\u0144 Jarz\u0105bek 2024-2025.\"><\/object><a id=\"wp-block-file--media-a887e629-6a71-426e-8e2e-832865faa966\" href=\"https:\/\/tyrawa.pl\/wp-content\/uploads\/2025\/10\/Obwieszczenie-i-plan-polowan-Jarzabek-2024-2025-.pdf\">Obwieszczenie i plan polowa\u0144 Jarz\u0105bek 2024-2025<\/a><a href=\"https:\/\/tyrawa.pl\/wp-content\/uploads\/2025\/10\/Obwieszczenie-i-plan-polowan-Jarzabek-2024-2025-.pdf\" class=\"wp-block-file__button wp-element-button\" download aria-describedby=\"wp-block-file--media-a887e629-6a71-426e-8e2e-832865faa966\">Pobierz<\/a><\/div>\n\n\n\n<div data-wp-interactive=\"core\/file\" class=\"wp-block-file\"><object data-wp-bind--hidden=\"!state.hasPdfPreview\" hidden class=\"wp-block-file__embed\" data=\"https:\/\/tyrawa.pl\/wp-content\/uploads\/2025\/10\/Obwieszczenie-i-plan-polowan-Rys-2024-2025.pdf\" type=\"application\/pdf\" style=\"width:100%;height:600px\" aria-label=\"Osadzone z Obwieszczenie i plan polowa\u0144 Ry\u015b 2024-2025.\"><\/object><a id=\"wp-block-file--media-b8922fcf-db88-4c67-a34c-ae0cbaf12b04\" href=\"https:\/\/tyrawa.pl\/wp-content\/uploads\/2025\/10\/Obwieszczenie-i-plan-polowan-Rys-2024-2025.pdf\">Obwieszczenie i plan polowa\u0144 Ry\u015b 2024-2025<\/a><a href=\"https:\/\/tyrawa.pl\/wp-content\/uploads\/2025\/10\/Obwieszczenie-i-plan-polowan-Rys-2024-2025.pdf\" class=\"wp-block-file__button wp-element-button\" download aria-describedby=\"wp-block-file--media-b8922fcf-db88-4c67-a34c-ae0cbaf12b04\">Pobierz<\/a><\/div>\n\n\n\n<div data-wp-interactive=\"core\/file\" class=\"wp-block-file\"><object data-wp-bind--hidden=\"!state.hasPdfPreview\" hidden class=\"wp-block-file__embed\" data=\"https:\/\/tyrawa.pl\/wp-content\/uploads\/2025\/10\/Obwieszczenie-i-plan-polowan-Zbik-2024-2025.pdf\" type=\"application\/pdf\" style=\"width:100%;height:600px\" aria-label=\"Osadzone z Obwieszczenie i plan polowa\u0144 \u017bbik 2024-2025.\"><\/object><a id=\"wp-block-file--media-36a3e1c5-048e-4d76-86ae-971708ec1b58\" href=\"https:\/\/tyrawa.pl\/wp-content\/uploads\/2025\/10\/Obwieszczenie-i-plan-polowan-Zbik-2024-2025.pdf\">Obwieszczenie i plan polowa\u0144 \u017bbik 2024-2025<\/a><a href=\"https:\/\/tyrawa.pl\/wp-content\/uploads\/2025\/10\/Obwieszczenie-i-plan-polowan-Zbik-2024-2025.pdf\" class=\"wp-block-file__button wp-element-button\" download aria-describedby=\"wp-block-file--media-36a3e1c5-048e-4d76-86ae-971708ec1b58\">Pobierz<\/a><\/div>\n\n\n\n<div data-wp-interactive=\"core\/file\" class=\"wp-block-file\"><object data-wp-bind--hidden=\"!state.hasPdfPreview\" hidden class=\"wp-block-file__embed\" data=\"https:\/\/tyrawa.pl\/wp-content\/uploads\/2025\/10\/Obwieszczenie-i-plan-polowan-Rys-Ustrzyki-Dolne-2025-.pdf\" type=\"application\/pdf\" style=\"width:100%;height:600px\" aria-label=\"Osadzone z Obwieszczenie i plan polowa\u0144 Ry\u015b Ustrzyki Dolne 2025.\"><\/object><a id=\"wp-block-file--media-4b1d2a13-831c-41b3-88a0-e4637bda33d0\" href=\"https:\/\/tyrawa.pl\/wp-content\/uploads\/2025\/10\/Obwieszczenie-i-plan-polowan-Rys-Ustrzyki-Dolne-2025-.pdf\">Obwieszczenie i plan polowa\u0144 Ry\u015b Ustrzyki Dolne 2025<\/a><a href=\"https:\/\/tyrawa.pl\/wp-content\/uploads\/2025\/10\/Obwieszczenie-i-plan-polowan-Rys-Ustrzyki-Dolne-2025-.pdf\" class=\"wp-block-file__button wp-element-button\" download aria-describedby=\"wp-block-file--media-4b1d2a13-831c-41b3-88a0-e4637bda33d0\">Pobierz<\/a><\/div>\n\n\n\n<div data-wp-interactive=\"core\/file\" class=\"wp-block-file\"><object data-wp-bind--hidden=\"!state.hasPdfPreview\" hidden class=\"wp-block-file__embed\" data=\"https:\/\/tyrawa.pl\/wp-content\/uploads\/2025\/10\/Obwieszczenie-i-plan-polowan-Jarzabek-w-Sanoku-2025.pdf\" type=\"application\/pdf\" style=\"width:100%;height:600px\" aria-label=\"Osadzone z Obwieszczenie i plan polowa\u0144 Jarz\u0105bek w Sanoku 2025.\"><\/object><a id=\"wp-block-file--media-da8df2ab-8c71-49aa-9895-550eb2f8a4a6\" href=\"https:\/\/tyrawa.pl\/wp-content\/uploads\/2025\/10\/Obwieszczenie-i-plan-polowan-Jarzabek-w-Sanoku-2025.pdf\">Obwieszczenie i plan polowa\u0144 Jarz\u0105bek w Sanoku 2025<\/a><a href=\"https:\/\/tyrawa.pl\/wp-content\/uploads\/2025\/10\/Obwieszczenie-i-plan-polowan-Jarzabek-w-Sanoku-2025.pdf\" class=\"wp-block-file__button wp-element-button\" download aria-describedby=\"wp-block-file--media-da8df2ab-8c71-49aa-9895-550eb2f8a4a6\">Pobierz<\/a><\/div>\n\n\n\n<div data-wp-interactive=\"core\/file\" class=\"wp-block-file\"><object data-wp-bind--hidden=\"!state.hasPdfPreview\" hidden class=\"wp-block-file__embed\" data=\"https:\/\/tyrawa.pl\/wp-content\/uploads\/2025\/10\/Obwieszczenie-i-plan-polowan-Zubr-w-Sanoku-2025-2026.pdf\" type=\"application\/pdf\" style=\"width:100%;height:600px\" aria-label=\"Osadzone z Obwieszczenie i plan polowa\u0144 \u017bubr w Sanoku 2025-2026.\"><\/object><a id=\"wp-block-file--media-b40ff6ff-39c2-4db0-952f-7035fee40d5a\" href=\"https:\/\/tyrawa.pl\/wp-content\/uploads\/2025\/10\/Obwieszczenie-i-plan-polowan-Zubr-w-Sanoku-2025-2026.pdf\">Obwieszczenie i plan polowa\u0144 \u017bubr w Sanoku 2025-2026<\/a><a href=\"https:\/\/tyrawa.pl\/wp-content\/uploads\/2025\/10\/Obwieszczenie-i-plan-polowan-Zubr-w-Sanoku-2025-2026.pdf\" class=\"wp-block-file__button wp-element-button\" download aria-describedby=\"wp-block-file--media-b40ff6ff-39c2-4db0-952f-7035fee40d5a\">Pobierz<\/a><\/div>\n\n\n\n<div data-wp-interactive=\"core\/file\" class=\"wp-block-file\"><object data-wp-bind--hidden=\"!state.hasPdfPreview\" hidden class=\"wp-block-file__embed\" data=\"https:\/\/tyrawa.pl\/wp-content\/uploads\/2025\/10\/Obwieszczenie-i-plan-polowan-Jarzabek-w-Sanoku-2025-2026.pdf\" type=\"application\/pdf\" style=\"width:100%;height:600px\" aria-label=\"Osadzone z Obwieszczenie i plan polowa\u0144 Jarz\u0105bek w Sanoku 2025-2026.\"><\/object><a id=\"wp-block-file--media-5505f20c-4284-4a4e-b9b6-3ee57b1030bf\" href=\"https:\/\/tyrawa.pl\/wp-content\/uploads\/2025\/10\/Obwieszczenie-i-plan-polowan-Jarzabek-w-Sanoku-2025-2026.pdf\">Obwieszczenie i plan polowa\u0144 Jarz\u0105bek w Sanoku 2025-2026<\/a><a href=\"https:\/\/tyrawa.pl\/wp-content\/uploads\/2025\/10\/Obwieszczenie-i-plan-polowan-Jarzabek-w-Sanoku-2025-2026.pdf\" class=\"wp-block-file__button wp-element-button\" download aria-describedby=\"wp-block-file--media-5505f20c-4284-4a4e-b9b6-3ee57b1030bf\">Pobierz<\/a><\/div>\n\n\n\n<div data-wp-interactive=\"core\/file\" class=\"wp-block-file\"><object data-wp-bind--hidden=\"!state.hasPdfPreview\" hidden class=\"wp-block-file__embed\" data=\"https:\/\/tyrawa.pl\/wp-content\/uploads\/2025\/10\/Obwieszczenie-i-plan-polowan-Rys-w-Lesku-2025-2026.pdf\" type=\"application\/pdf\" style=\"width:100%;height:600px\" aria-label=\"Osadzone z Obwieszczenie i plan polowa\u0144 Ry\u015b w Lesku 2025-2026.\"><\/object><a id=\"wp-block-file--media-4eaf0784-ed0c-42f8-a30e-067019f59d18\" href=\"https:\/\/tyrawa.pl\/wp-content\/uploads\/2025\/10\/Obwieszczenie-i-plan-polowan-Rys-w-Lesku-2025-2026.pdf\">Obwieszczenie i plan polowa\u0144 Ry\u015b w Lesku 2025-2026<\/a><a href=\"https:\/\/tyrawa.pl\/wp-content\/uploads\/2025\/10\/Obwieszczenie-i-plan-polowan-Rys-w-Lesku-2025-2026.pdf\" class=\"wp-block-file__button wp-element-button\" download aria-describedby=\"wp-block-file--media-4eaf0784-ed0c-42f8-a30e-067019f59d18\">Pobierz<\/a><\/div>\n\n\n\n<div data-wp-interactive=\"core\/file\" class=\"wp-block-file\"><object data-wp-bind--hidden=\"!state.hasPdfPreview\" hidden class=\"wp-block-file__embed\" data=\"https:\/\/tyrawa.pl\/wp-content\/uploads\/2025\/12\/Obwieszczenie-i-plan-polowan-Kola-Lowieckiego-Rys-w-Leku-na-sezon-2025-i-2026-korekta.pdf\" type=\"application\/pdf\" style=\"width:100%;height:600px\" aria-label=\"Osadzone z Obwieszczenie i plan polowa\u0144 Ko\u0142a \u0141owieckiego Ry\u015b w Leku na sezon 2025 i 2026 - korekta.\"><\/object><a id=\"wp-block-file--media-955e0f41-4c54-4d0f-8fa0-af1a5caf5c00\" href=\"https:\/\/tyrawa.pl\/wp-content\/uploads\/2025\/12\/Obwieszczenie-i-plan-polowan-Kola-Lowieckiego-Rys-w-Leku-na-sezon-2025-i-2026-korekta.pdf\">Obwieszczenie i plan polowa\u0144 Ko\u0142a \u0141owieckiego Ry\u015b w Leku na sezon 2025 i 2026 &#8211; korekta<\/a><a href=\"https:\/\/tyrawa.pl\/wp-content\/uploads\/2025\/12\/Obwieszczenie-i-plan-polowan-Kola-Lowieckiego-Rys-w-Leku-na-sezon-2025-i-2026-korekta.pdf\" class=\"wp-block-file__button wp-element-button\" download aria-describedby=\"wp-block-file--media-955e0f41-4c54-4d0f-8fa0-af1a5caf5c00\">Pobierz<\/a><\/div>\n","protected":false},"excerpt":{"rendered":"","protected":false},"author":2,"featured_media":0,"parent":0,"menu_order":0,"comment_status":"closed","ping_status":"closed","template":"","meta":{"footnotes":""},"class_list":["post-5302","page","type-page","status-publish","hentry","no-thumb"],"_links":{"self":[{"href":"https:\/\/tyrawa.pl\/index.php?rest_route=\/wp\/v2\/pages\/5302","targetHints":{"allow":["GET"]}}],"collection":[{"href":"https:\/\/tyrawa.pl\/index.php?rest_route=\/wp\/v2\/pages"}],"about":[{"href":"https:\/\/tyrawa.pl\/index.php?rest_route=\/wp\/v2\/types\/page"}],"author":[{"embeddable":true,"href":"https:\/\/tyrawa.pl\/index.php?rest_route=\/wp\/v2\/users\/2"}],"replies":[{"embeddable":true,"href":"https:\/\/tyrawa.pl\/index.php?rest_route=%2Fwp%2Fv2%2Fcomments&post=5302"}],"version-history":[{"count":5,"href":"https:\/\/tyrawa.pl\/index.php?rest_route=\/wp\/v2\/pages\/5302\/revisions"}],"predecessor-version":[{"id":5521,"href":"https:\/\/tyrawa.pl\/index.php?rest_route=\/wp\/v2\/pages\/5302\/revisions\/5521"}],"wp:attachment":[{"href":"https:\/\/tyrawa.pl\/index.php?rest_route=%2Fwp%2Fv2%2Fmedia&parent=5302"}],"curies":[{"name":"wp","href":"https:\/\/api.w.org\/{rel}","templated":true}]}}