{"id":5210,"date":"2025-09-15T16:55:42","date_gmt":"2025-09-15T14:55:42","guid":{"rendered":"https:\/\/tyrawa.pl\/?page_id=5210"},"modified":"2025-09-15T16:57:54","modified_gmt":"2025-09-15T14:57:54","slug":"premia-spoleczna","status":"publish","type":"page","link":"https:\/\/tyrawa.pl\/?page_id=5210","title":{"rendered":"Premia spo\u0142eczna"},"content":{"rendered":"\n<figure class=\"wp-block-image size-large\"><img fetchpriority=\"high\" decoding=\"async\" width=\"724\" height=\"1024\" src=\"https:\/\/tyrawa.pl\/wp-content\/uploads\/2025\/09\/Informacja-724x1024.jpg\" alt=\"Premia spo\u0142eczna\" class=\"wp-image-5211\" srcset=\"https:\/\/tyrawa.pl\/wp-content\/uploads\/2025\/09\/Informacja-724x1024.jpg 724w, https:\/\/tyrawa.pl\/wp-content\/uploads\/2025\/09\/Informacja-212x300.jpg 212w, https:\/\/tyrawa.pl\/wp-content\/uploads\/2025\/09\/Informacja-768x1086.jpg 768w, https:\/\/tyrawa.pl\/wp-content\/uploads\/2025\/09\/Informacja-1086x1536.jpg 1086w, https:\/\/tyrawa.pl\/wp-content\/uploads\/2025\/09\/Informacja-1448x2048.jpg 1448w, https:\/\/tyrawa.pl\/wp-content\/uploads\/2025\/09\/Informacja.jpg 1654w\" sizes=\"(max-width: 724px) 100vw, 724px\" \/><\/figure>\n\n\n\n<p><\/p>\n\n\n\n<p><strong>Gmina Tyrawa Wo\u0142oska otrzyma\u0142a grant w ramach projektu \u201ePremia spo\u0142eczna\u201d<\/strong><\/p>\n\n\n\n<p>Mi\u0142o nam poinformowa\u0107, \u017ce Gmina Tyrawa Wo\u0142oska otrzyma\u0142a dofinansowanie w wysoko\u015bci <strong>78 904 z\u0142<\/strong> w ramach projektu <strong>\u201ePremia spo\u0142eczna\u201d<\/strong>.<\/p>\n\n\n\n<p>Dzi\u0119ki wsp\u00f3\u0142pracy ze Stowarzyszeniem <strong>Bieszczadzkie Dziedzictwo Kultury<\/strong> mo\u017cliwe b\u0119dzie kontynuowanie dzia\u0142alno\u015bci <strong>Plac\u00f3wki Wsparcia Dziennego \u201e\u015awietlica Mr\u00f3wka\u201d<\/strong>. Grant stanowi istotne wsparcie dla dzieci i m\u0142odzie\u017cy, zapewniaj\u0105c miejsce bezpieczne, sprzyjaj\u0105ce rozwojowi, nauce i integracji spo\u0142ecznej.<\/p>\n\n\n\n<p><\/p>\n","protected":false},"excerpt":{"rendered":"<p>Gmina Tyrawa Wo\u0142oska otrzyma\u0142a grant w ramach projektu \u201ePremia spo\u0142eczna\u201d Mi\u0142o nam poinformowa\u0107, \u017ce Gmina Tyrawa Wo\u0142oska otrzyma\u0142a dofinansowanie w wysoko\u015bci 78 904 z\u0142 w ramach projektu \u201ePremia spo\u0142eczna\u201d. Dzi\u0119ki wsp\u00f3\u0142pracy ze Stowarzyszeniem Bieszczadzkie Dziedzictwo Kultury mo\u017cliwe b\u0119dzie kontynuowanie dzia\u0142alno\u015bci Plac\u00f3wki Wsparcia Dziennego \u201e\u015awietlica Mr\u00f3wka\u201d. Grant stanowi istotne wsparcie dla dzieci i m\u0142odzie\u017cy, zapewniaj\u0105c miejsce [&hellip;]<\/p>\n","protected":false},"author":2,"featured_media":0,"parent":0,"menu_order":0,"comment_status":"closed","ping_status":"closed","template":"","meta":{"footnotes":""},"class_list":["post-5210","page","type-page","status-publish","hentry","no-thumb"],"_links":{"self":[{"href":"https:\/\/tyrawa.pl\/index.php?rest_route=\/wp\/v2\/pages\/5210","targetHints":{"allow":["GET"]}}],"collection":[{"href":"https:\/\/tyrawa.pl\/index.php?rest_route=\/wp\/v2\/pages"}],"about":[{"href":"https:\/\/tyrawa.pl\/index.php?rest_route=\/wp\/v2\/types\/page"}],"author":[{"embeddable":true,"href":"https:\/\/tyrawa.pl\/index.php?rest_route=\/wp\/v2\/users\/2"}],"replies":[{"embeddable":true,"href":"https:\/\/tyrawa.pl\/index.php?rest_route=%2Fwp%2Fv2%2Fcomments&post=5210"}],"version-history":[{"count":2,"href":"https:\/\/tyrawa.pl\/index.php?rest_route=\/wp\/v2\/pages\/5210\/revisions"}],"predecessor-version":[{"id":5217,"href":"https:\/\/tyrawa.pl\/index.php?rest_route=\/wp\/v2\/pages\/5210\/revisions\/5217"}],"wp:attachment":[{"href":"https:\/\/tyrawa.pl\/index.php?rest_route=%2Fwp%2Fv2%2Fmedia&parent=5210"}],"curies":[{"name":"wp","href":"https:\/\/api.w.org\/{rel}","templated":true}]}}