{"id":5191,"date":"2025-09-09T14:47:57","date_gmt":"2025-09-09T12:47:57","guid":{"rendered":"https:\/\/tyrawa.pl\/?page_id=5191"},"modified":"2025-09-09T14:47:58","modified_gmt":"2025-09-09T12:47:58","slug":"informacja-o-dzialaniach-priorytetowych-policji","status":"publish","type":"page","link":"https:\/\/tyrawa.pl\/?page_id=5191","title":{"rendered":"Informacja o dzia\u0142aniach priorytetowych Policji"},"content":{"rendered":"\n<p>Informujemy, i\u017c Rewir Dzielnicowych Komendy Powiatowej Policji w Sanoku zgodnie z Zarz\u0105dzeniem nr 5 Komendanta G\u0142\u00f3wnego Policji z dnia 20.06.2016 r. &#8211; \u00a7 38, w okresie od dnia <strong>01.08.2025 r. do dnia 31.01.2026 r.<\/strong> realizuje plan dzia\u0142ania priorytetowego dla rejonu s\u0142u\u017cbowego RZ RSA 0103-003W w miejscowo\u015bci Tyrawa Wo\u0142oska 175, w celu poprawy stanu bezpiecze\u0144stwa oraz eliminacji niepo\u017c\u0105danych zjawisk w rejonie <strong>\u201eAmfiteatr w Lipach\u201d<\/strong>, przez korzystaj\u0105c\u0105 z niego g\u0142\u00f3wnie w porze wieczorowo \u2013 nocnej m\u0142odzie\u017c, tj.: spo\u017cywanie alkoholu, demoralizacja czy te\u017c utrudnianie korzystania z obiekt\u00f3w u\u017cyteczno\u015bci publicznej, za\u015bmiecanie, niszczenie mienia, akty wandalizmu.<\/p>\n\n\n\n<p>\u00a0\u00a0\u00a0\u00a0\u00a0\u00a0\u00a0\u00a0\u00a0\u00a0\u00a0 Nieprzestrzeganie ww. norm prawa oraz zasad wsp\u00f3\u0142\u017cycia spo\u0142ecznego skutkuje odpowiedzialno\u015bci\u0105 karn\u0105 w postaci grzywny, kary ograniczenia wolno\u015bci lub aresztu, kt\u00f3re okre\u015bla dok\u0142adnie kodeks wykrocze\u0144.<\/p>\n\n\n\n<p class=\"has-text-align-right\">&nbsp;&nbsp;&nbsp;&nbsp;&nbsp;&nbsp;&nbsp;&nbsp;&nbsp;&nbsp;&nbsp;&nbsp;&nbsp;&nbsp;&nbsp;&nbsp;&nbsp;&nbsp;&nbsp;&nbsp;&nbsp;&nbsp;&nbsp;&nbsp;&nbsp;&nbsp;&nbsp;&nbsp;&nbsp;&nbsp;&nbsp;&nbsp;&nbsp;&nbsp;&nbsp;&nbsp;&nbsp;&nbsp;&nbsp;&nbsp;&nbsp;&nbsp;&nbsp;&nbsp;&nbsp;&nbsp;&nbsp;&nbsp;&nbsp;&nbsp;&nbsp;&nbsp;&nbsp;&nbsp;&nbsp;&nbsp;&nbsp;&nbsp;&nbsp;&nbsp;&nbsp;&nbsp;&nbsp;&nbsp;&nbsp;&nbsp;&nbsp;&nbsp;&nbsp;&nbsp;&nbsp;&nbsp;&nbsp;&nbsp;&nbsp;&nbsp;&nbsp;&nbsp;&nbsp;&nbsp;&nbsp;&nbsp;&nbsp;&nbsp;&nbsp;&nbsp;&nbsp;&nbsp;&nbsp;&nbsp;&nbsp;&nbsp;&nbsp;&nbsp; Urz\u0105d Gminy Tyrawa Wo\u0142oska<\/p>\n\n\n\n<p><\/p>\n","protected":false},"excerpt":{"rendered":"<p>Informujemy, i\u017c Rewir Dzielnicowych Komendy Powiatowej Policji w Sanoku zgodnie z Zarz\u0105dzeniem nr 5 Komendanta G\u0142\u00f3wnego Policji z dnia 20.06.2016 r. &#8211; \u00a7 38, w okresie od dnia 01.08.2025 r. do dnia 31.01.2026 r. realizuje plan dzia\u0142ania priorytetowego dla rejonu s\u0142u\u017cbowego RZ RSA 0103-003W w miejscowo\u015bci Tyrawa Wo\u0142oska 175, w celu poprawy stanu bezpiecze\u0144stwa oraz [&hellip;]<\/p>\n","protected":false},"author":2,"featured_media":0,"parent":0,"menu_order":0,"comment_status":"closed","ping_status":"closed","template":"","meta":{"footnotes":""},"class_list":["post-5191","page","type-page","status-publish","hentry","no-thumb"],"_links":{"self":[{"href":"https:\/\/tyrawa.pl\/index.php?rest_route=\/wp\/v2\/pages\/5191","targetHints":{"allow":["GET"]}}],"collection":[{"href":"https:\/\/tyrawa.pl\/index.php?rest_route=\/wp\/v2\/pages"}],"about":[{"href":"https:\/\/tyrawa.pl\/index.php?rest_route=\/wp\/v2\/types\/page"}],"author":[{"embeddable":true,"href":"https:\/\/tyrawa.pl\/index.php?rest_route=\/wp\/v2\/users\/2"}],"replies":[{"embeddable":true,"href":"https:\/\/tyrawa.pl\/index.php?rest_route=%2Fwp%2Fv2%2Fcomments&post=5191"}],"version-history":[{"count":1,"href":"https:\/\/tyrawa.pl\/index.php?rest_route=\/wp\/v2\/pages\/5191\/revisions"}],"predecessor-version":[{"id":5192,"href":"https:\/\/tyrawa.pl\/index.php?rest_route=\/wp\/v2\/pages\/5191\/revisions\/5192"}],"wp:attachment":[{"href":"https:\/\/tyrawa.pl\/index.php?rest_route=%2Fwp%2Fv2%2Fmedia&parent=5191"}],"curies":[{"name":"wp","href":"https:\/\/api.w.org\/{rel}","templated":true}]}}