{"id":4876,"date":"2025-06-12T11:58:24","date_gmt":"2025-06-12T09:58:24","guid":{"rendered":"https:\/\/tyrawa.pl\/?page_id=4876"},"modified":"2025-06-12T11:58:25","modified_gmt":"2025-06-12T09:58:25","slug":"czas-na-podkarpackie-edycja-ii","status":"publish","type":"page","link":"https:\/\/tyrawa.pl\/?page_id=4876","title":{"rendered":"Czas na Podkarpackie &#8211; Edycja II"},"content":{"rendered":"\n<figure class=\"wp-block-image size-full\"><img fetchpriority=\"high\" decoding=\"async\" width=\"756\" height=\"356\" src=\"https:\/\/tyrawa.pl\/wp-content\/uploads\/2025\/06\/Podkarpackie_RGB.jpg\" alt=\"\" class=\"wp-image-4877\" srcset=\"https:\/\/tyrawa.pl\/wp-content\/uploads\/2025\/06\/Podkarpackie_RGB.jpg 756w, https:\/\/tyrawa.pl\/wp-content\/uploads\/2025\/06\/Podkarpackie_RGB-300x141.jpg 300w\" sizes=\"(max-width: 756px) 100vw, 756px\" \/><\/figure>\n\n\n\n<p>\u201eCzas na Podkarpackie \u2013 Edycja II\u201d w 2025 r. \u2013 pomoc finansowa w formie dotacji celowej<\/p>\n\n\n\n<p><strong>Nazwa zadania<\/strong>: Modernizacja i doposa\u017cenie wiaty turystycznej tzw. Amfiteatru w Tyrawie Wo\u0142oskiej&nbsp;<br><strong>Kwota dotacji<\/strong>: 15 000 z\u0142<br><strong>Ca\u0142kowita warto\u015b\u0107 zadania<\/strong>: 30 000 z\u0142<\/p>\n\n\n\n<p><strong>Zakres zada\u0144 w ramach inwestycji obejmuje<\/strong>:<\/p>\n\n\n\n<ol class=\"wp-block-list\">\n<li>Odnowa i modernizacja wiaty Amfiteatru;<\/li>\n<\/ol>\n\n\n\n<ul class=\"wp-block-list\">\n<li>cz\u0119\u015bciowa wymiana i mocowanie jednostronnego odeskowania \u015bcian z desek \u2013 26,15 m\u00b2<\/li>\n\n\n\n<li>wymiana ko\u0144ca s\u0142upa wiaty wraz z uzupe\u0142nieniem mocowania do pod\u0142o\u017ca betonowego &#8211; 1 komplet<\/li>\n\n\n\n<li>Odci\u0119cie zagrzybionych cz\u0119\u015bci element\u00f3w drewnianych\u00a0 &#8211; 1 komplet<\/li>\n\n\n\n<li>odgrzybianie element\u00f3w drewnianych \u2013 84,4 m\u00b2<\/li>\n\n\n\n<li>impregnacja grzybob\u00f3jcza drewna\u00a0 &#8211; 84,4 m\u00b2<\/li>\n\n\n\n<li>impregnacja ogniochronna element\u00f3w drewnianych, desek, p\u0142yt, bali i kraw\u0119dziak\u00f3w \u2013 konstrukcji wiaty \u2013 84,4 m\u00b2<\/li>\n\n\n\n<li>wymiana desek pod\u0142ogowych \u2013 15,2 m\u00b2<\/li>\n\n\n\n<li>odnowienie i cyklinowanie pod\u0142ogi wiaty \u2013 38 m\u00b2<\/li>\n<\/ul>\n\n\n\n<ol start=\"2\" class=\"wp-block-list\">\n<li>Zakup wyposa\u017cenia wiaty Amfiteatru:<\/li>\n<\/ol>\n\n\n\n<ul class=\"wp-block-list\">\n<li>zakup stojaka na rowery \u2013 2 szt.<\/li>\n\n\n\n<li>zakup \u0142awek drewnianych bez oparcia \u2013 8 szt.<\/li>\n\n\n\n<li>zakup sto\u0142\u00f3w drewnianych \u2013 4 szt.<\/li>\n<\/ul>\n\n\n\n<p>\u00a0Celem zadania jest modernizacja i odnowienie wiaty amfiteatru w Gminie Tyrawa Wo\u0142oska w celu zwi\u0119kszenia jego funkcjonalno\u015bci, atrakcyjno\u015bci turystycznej oraz dost\u0119pno\u015bci dla mieszka\u0144c\u00f3w i odwiedzaj\u0105cych. Realizacja projektu umo\u017cliwi organizacj\u0119 wydarze\u0144 kulturalnych, festiwali i koncert\u00f3w, wspieraj\u0105c rozw\u00f3j lokalnej spo\u0142eczno\u015bci i promocj\u0119 dziedzictwa kulturowego regionu.<\/p>\n","protected":false},"excerpt":{"rendered":"<p>\u201eCzas na Podkarpackie \u2013 Edycja II\u201d w 2025 r. \u2013 pomoc finansowa w formie dotacji celowej Nazwa zadania: Modernizacja i doposa\u017cenie wiaty turystycznej tzw. Amfiteatru w Tyrawie Wo\u0142oskiej&nbsp;Kwota dotacji: 15 000 z\u0142Ca\u0142kowita warto\u015b\u0107 zadania: 30 000 z\u0142 Zakres zada\u0144 w ramach inwestycji obejmuje: \u00a0Celem zadania jest modernizacja i odnowienie wiaty amfiteatru w Gminie Tyrawa Wo\u0142oska [&hellip;]<\/p>\n","protected":false},"author":2,"featured_media":0,"parent":0,"menu_order":0,"comment_status":"closed","ping_status":"closed","template":"","meta":{"footnotes":""},"class_list":["post-4876","page","type-page","status-publish","hentry","no-thumb"],"_links":{"self":[{"href":"https:\/\/tyrawa.pl\/index.php?rest_route=\/wp\/v2\/pages\/4876","targetHints":{"allow":["GET"]}}],"collection":[{"href":"https:\/\/tyrawa.pl\/index.php?rest_route=\/wp\/v2\/pages"}],"about":[{"href":"https:\/\/tyrawa.pl\/index.php?rest_route=\/wp\/v2\/types\/page"}],"author":[{"embeddable":true,"href":"https:\/\/tyrawa.pl\/index.php?rest_route=\/wp\/v2\/users\/2"}],"replies":[{"embeddable":true,"href":"https:\/\/tyrawa.pl\/index.php?rest_route=%2Fwp%2Fv2%2Fcomments&post=4876"}],"version-history":[{"count":1,"href":"https:\/\/tyrawa.pl\/index.php?rest_route=\/wp\/v2\/pages\/4876\/revisions"}],"predecessor-version":[{"id":4878,"href":"https:\/\/tyrawa.pl\/index.php?rest_route=\/wp\/v2\/pages\/4876\/revisions\/4878"}],"wp:attachment":[{"href":"https:\/\/tyrawa.pl\/index.php?rest_route=%2Fwp%2Fv2%2Fmedia&parent=4876"}],"curies":[{"name":"wp","href":"https:\/\/api.w.org\/{rel}","templated":true}]}}