{"id":4134,"date":"2024-11-06T09:48:35","date_gmt":"2024-11-06T08:48:35","guid":{"rendered":"https:\/\/tyrawa.pl\/?page_id=4134"},"modified":"2025-02-06T09:45:25","modified_gmt":"2025-02-06T08:45:25","slug":"sekretarz-gminy","status":"publish","type":"page","link":"https:\/\/tyrawa.pl\/?page_id=4134","title":{"rendered":"Sekretarz Gminy"},"content":{"rendered":"\n<p><strong>Sekretarz Gminy Tyrawa Wo\u0142oska<br>Janusz Burak<\/strong><\/p>\n\n\n\n<p><strong>I pi\u0119tro budynku Urz\u0119du Gminy, pok\u00f3j nr 14<\/strong><\/p>\n\n\n\n<p><strong>Tel. 13 46\u00a0569 33<\/strong><br><strong>e-mail: sekretarz@tyrawa.pl<\/strong><\/p>\n\n\n\n<figure class=\"wp-block-image size-full is-resized\"><img fetchpriority=\"high\" decoding=\"async\" width=\"490\" height=\"746\" src=\"https:\/\/tyrawa.pl\/wp-content\/uploads\/2024\/11\/Zastepca_p-1.jpg\" alt=\"Janusz Burak\" class=\"wp-image-4245\" style=\"width:278px;height:auto\" srcset=\"https:\/\/tyrawa.pl\/wp-content\/uploads\/2024\/11\/Zastepca_p-1.jpg 490w, https:\/\/tyrawa.pl\/wp-content\/uploads\/2024\/11\/Zastepca_p-1-197x300.jpg 197w, https:\/\/tyrawa.pl\/wp-content\/uploads\/2024\/11\/Zastepca_p-1-60x91.jpg 60w\" sizes=\"(max-width: 490px) 100vw, 490px\" \/><\/figure>\n\n\n\n<p><strong>Do zada\u0144 Sekretarza Gminy nale\u017cy:<\/strong><\/p>\n\n\n\n<ul class=\"wp-block-list\">\n<li>nadz\u00f3r nad prawid\u0142owym funkcjonowaniem i organizacj\u0105 pracy Urz\u0119du oraz obs\u0142ug\u0105 interesant\u00f3w.<\/li>\n\n\n\n<li>sprawowanie bezpo\u015bredniego nadzoru nad realizacj\u0105 zada\u0144 wykonywanych przez Referat Organizacyjny \u2013 pe\u0142nienie funkcji Kierownika Referatu.<\/li>\n\n\n\n<li>wsp\u00f3\u0142praca z Rad\u0105 Gminy oraz nadzorowanie prawid\u0142owego przygotowania materia\u0142\u00f3w pod obrady sesji.<\/li>\n\n\n\n<li>opracowywanie projekt\u00f3w zmian statutu, regulamin\u00f3w, zarz\u0105dze\u0144 i uchwa\u0142.<\/li>\n\n\n\n<li>prowadzenie spraw kadrowych pracownik\u00f3w Urz\u0119du oraz dyrektor\u00f3w i kierownik\u00f3w gminnych jednostek organizacyjnych.<\/li>\n\n\n\n<li>opracowywanie zakres\u00f3w czynno\u015bci dla pracownik\u00f3w, kierownik\u00f3w oraz dyrektor\u00f3w i kierownik\u00f3w gminnych jednostek organizacyjnych.<\/li>\n\n\n\n<li>nadz\u00f3r nad prowadzeniem spraw z zakresu bezpiecze\u0144stwa i higieny pracy<br>w Urz\u0119dzie Gminy.<\/li>\n\n\n\n<li>nadzorowanie spraw zwi\u0105zanych z rzetelnym i terminowym rozpatrywaniem skarg<br>i wniosk\u00f3w\u00a0 oraz prowadzenie ewidencji w tym zakresie.<\/li>\n\n\n\n<li>nadzorowanie przestrzegania przepis\u00f3w proceduralnych przy za\u0142atwianiu spraw<br>w trybie post\u0119powania administracyjnego oraz interpelacji, wniosk\u00f3w i zapyta\u0144 radnych.<\/li>\n\n\n\n<li>nadzorowanie nad administrowaniem strony Biuletynu Informacji Publicznej Gminy.<\/li>\n\n\n\n<li>wsp\u00f3\u0142praca z instytucjami kontroli zewn\u0119trznej w zakresie wykonywania przez nie czynno\u015bci kontrolnych Urz\u0119du oraz koordynowanie kontroli zarz\u0105dczej.<\/li>\n\n\n\n<li>wsp\u00f3\u0142praca z Powiatowym Urz\u0119dem Pracy m. in. w zakresie\u00a0 organizacji prac interwencyjnych, rob\u00f3t publicznych, sta\u017cy absolwenckich.<\/li>\n\n\n\n<li>koordynowanie praktyk studenckich i uczniowskich.<\/li>\n\n\n\n<li>nadzorowanie i koordynowanie jednostek o\u015bwiaty, pomocy spo\u0142ecznej, instytucji kultury.<\/li>\n\n\n\n<li>organizowanie i przeprowadzanie nabor\u00f3w na wolne stanowiska urz\u0119dnicze<br>w Urz\u0119dzie oraz dyrektor\u00f3w i kierownik\u00f3w\u00a0 gminnych jednostek organizacyjnych.<\/li>\n\n\n\n<li>nadzorowanie przygotowania i przeprowadzenia s\u0142u\u017cby przygotowawczej pracownik\u00f3w Urz\u0119du Gminy Tyrawa Wo\u0142oska.<\/li>\n\n\n\n<li>organizowanie egzamin\u00f3w w zwi\u0105zku z awansem zawodowym nauczycieli.<\/li>\n\n\n\n<li>analiza arkuszy organizacyjnych jednostek o\u015bwiatowych oraz aneks\u00f3w do arkuszy organizacyjnych.<\/li>\n\n\n\n<li>prowadzenie dokumentacji dotycz\u0105cej spe\u0142niania obowi\u0105zku nauki.<\/li>\n\n\n\n<li>sporz\u0105dzanie informacji o charakterze analitycznym i sprawozdawczym dla innych podmiot\u00f3w i jednostek organizacyjnych.<\/li>\n\n\n\n<li>wsp\u00f3\u0142praca z organizacjami pozarz\u0105dowymi.<\/li>\n\n\n\n<li>nadz\u00f3r nad terminowym przygotowaniem odpowiedzi dot. informacji publicznej.<\/li>\n\n\n\n<li>prowadzenie spraw zwi\u0105zanych z organizacj\u0105 wybor\u00f3w, referend\u00f3w i spis\u00f3w na terenie Gminy.<\/li>\n\n\n\n<li>prowadzenie spraw zwi\u0105zanych z dofinansowaniem pracodawcom koszt\u00f3w kszta\u0142cenia zawodowego m\u0142odocianych pracownik\u00f3w.<\/li>\n\n\n\n<li>prowadzenie spraw dot. zezwole\u0144 na sprzeda\u017c napoj\u00f3w alkoholowych.<\/li>\n\n\n\n<li>prowadzenie Rejestru Dzia\u0142alno\u015bci Regulowanej.<\/li>\n\n\n\n<li>prowadzenie spraw dot. rejestracji gospodarstw agroturystycznych.<\/li>\n\n\n\n<li>koordynacja zespo\u0142\u00f3w do spraw pozyskiwania \u015brodk\u00f3w zewn\u0119trznych.<\/li>\n\n\n\n<li>wykonywanie innych zada\u0144 w zakresie odr\u0119bnie udzielonego upowa\u017cnienia lub pe\u0142nomocnictwa.<\/li>\n\n\n\n<li>prowadzenie innych spraw zleconych przez W\u00f3jta Gminy.<\/li>\n<\/ul>\n\n\n\n<p><br><\/p>\n","protected":false},"excerpt":{"rendered":"<p>Sekretarz Gminy Tyrawa Wo\u0142oskaJanusz Burak I pi\u0119tro budynku Urz\u0119du Gminy, pok\u00f3j nr 14 Tel. 13 46\u00a0569 33e-mail: sekretarz@tyrawa.pl Do zada\u0144 Sekretarza Gminy nale\u017cy:<\/p>\n","protected":false},"author":2,"featured_media":0,"parent":3456,"menu_order":0,"comment_status":"closed","ping_status":"closed","template":"","meta":{"footnotes":""},"class_list":["post-4134","page","type-page","status-publish","hentry","no-thumb"],"_links":{"self":[{"href":"https:\/\/tyrawa.pl\/index.php?rest_route=\/wp\/v2\/pages\/4134","targetHints":{"allow":["GET"]}}],"collection":[{"href":"https:\/\/tyrawa.pl\/index.php?rest_route=\/wp\/v2\/pages"}],"about":[{"href":"https:\/\/tyrawa.pl\/index.php?rest_route=\/wp\/v2\/types\/page"}],"author":[{"embeddable":true,"href":"https:\/\/tyrawa.pl\/index.php?rest_route=\/wp\/v2\/users\/2"}],"replies":[{"embeddable":true,"href":"https:\/\/tyrawa.pl\/index.php?rest_route=%2Fwp%2Fv2%2Fcomments&post=4134"}],"version-history":[{"count":12,"href":"https:\/\/tyrawa.pl\/index.php?rest_route=\/wp\/v2\/pages\/4134\/revisions"}],"predecessor-version":[{"id":4372,"href":"https:\/\/tyrawa.pl\/index.php?rest_route=\/wp\/v2\/pages\/4134\/revisions\/4372"}],"up":[{"embeddable":true,"href":"https:\/\/tyrawa.pl\/index.php?rest_route=\/wp\/v2\/pages\/3456"}],"wp:attachment":[{"href":"https:\/\/tyrawa.pl\/index.php?rest_route=%2Fwp%2Fv2%2Fmedia&parent=4134"}],"curies":[{"name":"wp","href":"https:\/\/api.w.org\/{rel}","templated":true}]}}