{"id":4132,"date":"2024-11-06T09:46:57","date_gmt":"2024-11-06T08:46:57","guid":{"rendered":"https:\/\/tyrawa.pl\/?page_id=4132"},"modified":"2026-03-03T09:17:03","modified_gmt":"2026-03-03T08:17:03","slug":"zastepca-wojta-gminy","status":"publish","type":"page","link":"https:\/\/tyrawa.pl\/?page_id=4132","title":{"rendered":"Zast\u0119pca W\u00f3jta Gminy"},"content":{"rendered":"\n<p><strong>Zast\u0119pca W\u00f3jta Gminy Tyrawa Wo\u0142oska<\/strong><\/p>\n\n\n\n<p><strong>Bo\u017cena Jasi\u0144ska<\/strong><\/p>\n\n\n\n<p><strong>II pi\u0119tro budynku Urz\u0119du Gminy, pok\u00f3j nr 32<\/strong><\/p>\n\n\n\n<p><\/p>\n\n\n\n<p><strong>Do zada\u0144 Zast\u0119pcy W\u00f3jta Gminy nale\u017cy:<\/strong><\/p>\n\n\n\n<ul class=\"wp-block-list\">\n<li>kierowanie bie\u017c\u0105ca prac\u0105 Urz\u0119du Gminy podczas nieobecno\u015bci W\u00f3jta Gminy,<\/li>\n\n\n\n<li>reprezentowanie Urz\u0119du Gminy oraz W\u00f3jta Gminy na zewn\u0105trz,<\/li>\n\n\n\n<li>wykonywanie czynno\u015bci kierownika Urz\u0119du Gminy oraz zwierzchnika s\u0142u\u017cbowego wobec pracownik\u00f3w zatrudnionych w urz\u0119dzie oraz kierownik\u00f3w gminnych jednostek organizacyjnych podczas nieobecno\u015bci W\u00f3jta Gminy lub we wszystkich innych sytuacjach, kt\u00f3re powodowa\u0142yby niemo\u017cno\u015b\u0107 pe\u0142nienia obowi\u0105zk\u00f3w przez W\u00f3jta,<\/li>\n\n\n\n<li>przyjmowanie obywateli w sprawach skarg i wniosk\u00f3w dotycz\u0105cych pracy urz\u0119du i\u00a0jednostek organizacyjnych,<\/li>\n\n\n\n<li>wykonywanie innych zada\u0144 w zakresie odr\u0119bnie udzielonego upowa\u017cnienia lub pe\u0142nomocnictwa,<\/li>\n\n\n\n<li>nadz\u00f3r nad dzia\u0142alno\u015bci\u0105 Referatu IIiGG w Urz\u0119dzie Gminy Tyrawa Wo\u0142oska<\/li>\n\n\n\n<li>nadzorowanie i koordynowanie wykonania zada\u0144 gminy w zakresie:<\/li>\n<\/ul>\n\n\n\n<p>1)&nbsp; strategii i plan\u00f3w rozwoju gminy,<\/p>\n\n\n\n<p>2)&nbsp; inwestycji gminnych,<\/p>\n\n\n\n<p>3)&nbsp; pozyskiwania funduszy,<\/p>\n\n\n\n<p>4)&nbsp; gospodarki komunalnej i ochrony \u015brodowiska,<\/p>\n\n\n\n<p>5)&nbsp; gospodarki przestrzennej i gospodarki mieniem komunalnym,<\/p>\n\n\n\n<p>6)&nbsp; transportu (w tym transportu zbiorowego) i dr\u00f3g.<\/p>\n\n\n\n<ul class=\"wp-block-list\">\n<li>wykonywanie innych zada\u0144 wchodz\u0105cych w zakres wykonywanej pracy i powierzonych \u00a0przez W\u00f3jta Gminy.<\/li>\n<\/ul>\n","protected":false},"excerpt":{"rendered":"<p>Zast\u0119pca W\u00f3jta Gminy Tyrawa Wo\u0142oska Bo\u017cena Jasi\u0144ska II pi\u0119tro budynku Urz\u0119du Gminy, pok\u00f3j nr 32 Do zada\u0144 Zast\u0119pcy W\u00f3jta Gminy nale\u017cy: 1)&nbsp; strategii i plan\u00f3w rozwoju gminy, 2)&nbsp; inwestycji gminnych, 3)&nbsp; pozyskiwania funduszy, 4)&nbsp; gospodarki komunalnej i ochrony \u015brodowiska, 5)&nbsp; gospodarki przestrzennej i gospodarki mieniem komunalnym, 6)&nbsp; transportu (w tym transportu zbiorowego) i dr\u00f3g.<\/p>\n","protected":false},"author":2,"featured_media":0,"parent":3456,"menu_order":0,"comment_status":"closed","ping_status":"closed","template":"","meta":{"footnotes":""},"class_list":["post-4132","page","type-page","status-publish","hentry","no-thumb"],"_links":{"self":[{"href":"https:\/\/tyrawa.pl\/index.php?rest_route=\/wp\/v2\/pages\/4132","targetHints":{"allow":["GET"]}}],"collection":[{"href":"https:\/\/tyrawa.pl\/index.php?rest_route=\/wp\/v2\/pages"}],"about":[{"href":"https:\/\/tyrawa.pl\/index.php?rest_route=\/wp\/v2\/types\/page"}],"author":[{"embeddable":true,"href":"https:\/\/tyrawa.pl\/index.php?rest_route=\/wp\/v2\/users\/2"}],"replies":[{"embeddable":true,"href":"https:\/\/tyrawa.pl\/index.php?rest_route=%2Fwp%2Fv2%2Fcomments&post=4132"}],"version-history":[{"count":8,"href":"https:\/\/tyrawa.pl\/index.php?rest_route=\/wp\/v2\/pages\/4132\/revisions"}],"predecessor-version":[{"id":5778,"href":"https:\/\/tyrawa.pl\/index.php?rest_route=\/wp\/v2\/pages\/4132\/revisions\/5778"}],"up":[{"embeddable":true,"href":"https:\/\/tyrawa.pl\/index.php?rest_route=\/wp\/v2\/pages\/3456"}],"wp:attachment":[{"href":"https:\/\/tyrawa.pl\/index.php?rest_route=%2Fwp%2Fv2%2Fmedia&parent=4132"}],"curies":[{"name":"wp","href":"https:\/\/api.w.org\/{rel}","templated":true}]}}