{"id":4044,"date":"2024-10-15T09:45:11","date_gmt":"2024-10-15T07:45:11","guid":{"rendered":"https:\/\/tyrawa.pl\/?page_id=4044"},"modified":"2024-10-15T09:45:11","modified_gmt":"2024-10-15T07:45:11","slug":"o-projekcie-life-podkarpackie","status":"publish","type":"page","link":"https:\/\/tyrawa.pl\/?page_id=4044","title":{"rendered":"O projekcie Life Podkarpackie"},"content":{"rendered":"\n<p>Gmina Tyrawa Wo\u0142oska uczestniczy w partnerskim projekcie \u201eSkuteczne wdro\u017cenie programu ochrony powietrza dla Wojew\u00f3dztwa Podkarpackiego z uwzgl\u0119dnieniem problemu ub\u00f3stwa energetycznego: Podkarpackie \u2013 \u017cyj i oddychaj\u201d (nr projektu: 101103531, akronim: LIFE22-IPE-PL-LIFE Podkarpackie).<\/p>\n\n\n\n<p>Celem projektu LIFE jest przyspieszenie wdra\u017cania dzia\u0142a\u0144 s\u0142u\u017c\u0105cych poprawie jako\u015bci powietrza&nbsp;oraz w uj\u0119ciu zagadnie\u0144 zr\u00f3wnowa\u017conej transformacji energetycznej regionu.<\/p>\n\n\n\n<p>Inicjatywa b\u0119dzie obejmowa\u0107 tereny gmin i miast wojew\u00f3dztwa podkarpackiego, dotykaj\u0105c ka\u017cdego mieszka\u0144ca regionu.<\/p>\n\n\n\n<p>Projekt zak\u0142ada m.in.<\/p>\n\n\n\n<ul class=\"wp-block-list\">\n<li><em>wypracowanie i wdro\u017cenie dobrych praktyk,<\/em><\/li>\n\n\n\n<li><em>mobilizacj\u0119 \u015brodk\u00f3w publicznych i prywatnych na rzecz poprawy jako\u015bci powietrza i efektywno\u015bci energetycznej,<\/em><\/li>\n\n\n\n<li><em>stworzenie zintegrowanego systemu zarz\u0105dzania energi\u0105 na poziomie gminy,\u00a0<\/em><\/li>\n\n\n\n<li><em>popraw\u0119 planowania przestrzennego wojew\u00f3dztwa, z naciskiem na zagadnienia zwi\u0105zane z zarz\u0105dzaniem energi\u0105.<\/em><\/li>\n<\/ul>\n\n\n\n<p>Warto\u015bci\u0105 projektu jest partnerskie podej\u015bcie, gdzie Wojew\u00f3dztwo Podkarpackie jest beneficjentem koordynuj\u0105cym, a 66 partner\u00f3w, w tym gminy, miasta i wybrane&nbsp;organizacje, wsp\u00f3\u0142pracuj\u0105 w d\u0105\u017ceniu do wsp\u00f3lnego celu. Projekt LIFE Podkarpackie jest znacz\u0105cym krokiem w kierunku zr\u00f3wnowa\u017conego rozwoju regionu, przy jednoczesnym dbaniu o jako\u015b\u0107 \u017cycia mieszka\u0144c\u00f3w. Projekt, ma potencja\u0142 aby znacz\u0105co wp\u0142yn\u0105\u0107 na popraw\u0119 stanu \u015brodowiska oraz warunki \u017cycia w wojew\u00f3dztwie podkarpackim.<\/p>\n\n\n\n<figure class=\"wp-block-image size-large\"><img fetchpriority=\"high\" decoding=\"async\" width=\"1024\" height=\"178\" src=\"https:\/\/tyrawa.pl\/wp-content\/uploads\/2024\/10\/logo_p-1024x178.png\" alt=\"\" class=\"wp-image-4028\" srcset=\"https:\/\/tyrawa.pl\/wp-content\/uploads\/2024\/10\/logo_p-1024x178.png 1024w, https:\/\/tyrawa.pl\/wp-content\/uploads\/2024\/10\/logo_p-300x52.png 300w, https:\/\/tyrawa.pl\/wp-content\/uploads\/2024\/10\/logo_p-768x134.png 768w, https:\/\/tyrawa.pl\/wp-content\/uploads\/2024\/10\/logo_p-1536x268.png 1536w, https:\/\/tyrawa.pl\/wp-content\/uploads\/2024\/10\/logo_p-2048x357.png 2048w\" sizes=\"(max-width: 1024px) 100vw, 1024px\" \/><\/figure>\n","protected":false},"excerpt":{"rendered":"<p>Gmina Tyrawa Wo\u0142oska uczestniczy w partnerskim projekcie \u201eSkuteczne wdro\u017cenie programu ochrony powietrza dla Wojew\u00f3dztwa Podkarpackiego z uwzgl\u0119dnieniem problemu ub\u00f3stwa energetycznego: Podkarpackie \u2013 \u017cyj i oddychaj\u201d (nr projektu: 101103531, akronim: LIFE22-IPE-PL-LIFE Podkarpackie). Celem projektu LIFE jest przyspieszenie wdra\u017cania dzia\u0142a\u0144 s\u0142u\u017c\u0105cych poprawie jako\u015bci powietrza&nbsp;oraz w uj\u0119ciu zagadnie\u0144 zr\u00f3wnowa\u017conej transformacji energetycznej regionu. Inicjatywa b\u0119dzie obejmowa\u0107 tereny gmin i [&hellip;]<\/p>\n","protected":false},"author":2,"featured_media":0,"parent":0,"menu_order":0,"comment_status":"closed","ping_status":"closed","template":"","meta":{"footnotes":""},"class_list":["post-4044","page","type-page","status-publish","hentry","no-thumb"],"_links":{"self":[{"href":"https:\/\/tyrawa.pl\/index.php?rest_route=\/wp\/v2\/pages\/4044","targetHints":{"allow":["GET"]}}],"collection":[{"href":"https:\/\/tyrawa.pl\/index.php?rest_route=\/wp\/v2\/pages"}],"about":[{"href":"https:\/\/tyrawa.pl\/index.php?rest_route=\/wp\/v2\/types\/page"}],"author":[{"embeddable":true,"href":"https:\/\/tyrawa.pl\/index.php?rest_route=\/wp\/v2\/users\/2"}],"replies":[{"embeddable":true,"href":"https:\/\/tyrawa.pl\/index.php?rest_route=%2Fwp%2Fv2%2Fcomments&post=4044"}],"version-history":[{"count":1,"href":"https:\/\/tyrawa.pl\/index.php?rest_route=\/wp\/v2\/pages\/4044\/revisions"}],"predecessor-version":[{"id":4046,"href":"https:\/\/tyrawa.pl\/index.php?rest_route=\/wp\/v2\/pages\/4044\/revisions\/4046"}],"wp:attachment":[{"href":"https:\/\/tyrawa.pl\/index.php?rest_route=%2Fwp%2Fv2%2Fmedia&parent=4044"}],"curies":[{"name":"wp","href":"https:\/\/api.w.org\/{rel}","templated":true}]}}