{"id":3961,"date":"2024-10-02T10:11:43","date_gmt":"2024-10-02T10:11:43","guid":{"rendered":"https:\/\/tyrawa.pl\/?page_id=3961"},"modified":"2024-10-02T10:11:44","modified_gmt":"2024-10-02T10:11:44","slug":"dodatek-gazowy","status":"publish","type":"page","link":"https:\/\/tyrawa.pl\/?page_id=3961","title":{"rendered":"Dodatek gazowy"},"content":{"rendered":"\n<p><strong>DODATEK GAZOWY: REFUNDACJA PODATKU VAT DLA ODBIORC\u00d3W PALIW GAZOWYCH W 2023 ROKU.<\/strong><\/p>\n\n\n\n<p>Mieszka\u0144com zu\u017cywaj\u0105cym gaz do ogrzewania dom\u00f3w lub budynk\u00f3w przys\u0142uguje dodatek gazowy, czyli refundacja koszt\u00f3w podatku od towar\u00f3w i&nbsp;us\u0142ug (VAT), kt\u00f3ry od stycznia powr\u00f3ci\u0142 do poprzedniej stawki i&nbsp;wynosi 23% (w&nbsp;2022 roku wynosi\u0142 0%.)<\/p>\n\n\n\n<p><strong><em>Komu przys\u0142uguje dodatek gazowy?<\/em><\/strong><\/p>\n\n\n\n<p>Dodatek gazowy przys\u0142uguje mieszka\u0144com, kt\u00f3rzy:<\/p>\n\n\n\n<ul class=\"wp-block-list\">\n<li>jako g\u0142\u00f3wne \u017ar\u00f3d\u0142o ogrzewania domu wykorzystuj\u0105 kocio\u0142 na paliwa gazowe (z sieci),<\/li>\n\n\n\n<li>wpisali lub zg\u0142osili \u017ar\u00f3d\u0142o ogrzewania do Centralnej Ewidencji Emisyjno\u015bci Budynk\u00f3w CEEB,<\/li>\n\n\n\n<li>spe\u0142niaj\u0105 kryterium dochodowe, czyli ich przeci\u0119tne miesi\u0119czne dochody nie przekraczaj\u0105:\n<ul class=\"wp-block-list\">\n<li>2100 z\u0142 w przypadku gospodarstw jednoosobowych lub<\/li>\n\n\n\n<li>1500 z\u0142 na osob\u0119 w przypadku gospodarstwa wieloosobowych.<\/li>\n<\/ul>\n<\/li>\n<\/ul>\n\n\n\n<p>Refundacja nie przys\u0142uguje osobom, kt\u00f3re kupuj\u0105 butle z&nbsp;gazem, maj\u0105 w&nbsp;domu wy\u0142\u0105cznie kuchenki gazowe czy wykorzystuj\u0105 to paliwo jedynie do podniesienia temperatury wody. \u0179r\u00f3d\u0142o ogrzewania musi by\u0107 wpisane lub zg\u0142oszone do CEEB do dnia wej\u015bcia w&nbsp;\u017cycie ustawy (z&nbsp;wyj\u0105tkiem nowych \u017ar\u00f3de\u0142 ogrzewania, kt\u00f3re powinny by\u0107 zg\u0142aszana na bie\u017c\u0105co).<\/p>\n\n\n\n<p><strong><em>Sk\u0142adanie wniosku<\/em><\/strong><\/p>\n\n\n\n<p>Aby otrzyma\u0107 dodatek gazowy, nale\u017cy z\u0142o\u017cy\u0107 wniosek o&nbsp;refundacj\u0119 podatku VAT wraz z potrzebnymi za\u0142\u0105cznikami, dost\u0119pny w Gminnym O\u015brodku Pomocy Spo\u0142ecznej w Tyrawie Wo\u0142oskiej w pokoju numer 4.<\/p>\n\n\n\n<p><strong><em>Gdzie z\u0142o\u017cy\u0107 wniosek<\/em><\/strong><\/p>\n\n\n\n<p>Wniosek mo\u017cna z\u0142o\u017cy\u0107 w:<\/p>\n\n\n\n<ul class=\"wp-block-list\">\n<li>w Gminnym O\u015brodku Pomocy Spo\u0142ecznej w Tyrawie Wo\u0142oskiej w pokoju numer 4 w godzinach pracy O\u015brodka, tj. pon. 7.30-18, wt.-czw. 7.30-15.30, pt. 7.30-13,<\/li>\n\n\n\n<li>lub elektronicznie np. przez\u00a0<a href=\"https:\/\/serwis.epuap.gov.pl\/mlpz\/login?ORIGIN=login&amp;APPID=50452F0050502F0053522F&amp;COMPACT_MODE=true\">EPUAP<\/a>.<\/li>\n<\/ul>\n\n\n\n<p>Do wniosku nale\u017cy do\u0142\u0105czy\u0107:<\/p>\n\n\n\n<ul class=\"wp-block-list\">\n<li>faktur\u0119, kt\u00f3ra dokumentuje dostarczenie paliwa w\u00a0okresie mi\u0119dzy 1\u00a0stycznia\u00a02023 a 31\u00a0grudnia\u00a02023 roku (kserokopi\u0119 faktury i\u00a0orygina\u0142 do wgl\u0105du),<\/li>\n\n\n\n<li>dow\u00f3d op\u0142acenia faktury (kserokopi\u0119 dowodu wp\u0142aty i\u00a0orygina\u0142 do wgl\u0105du).<\/li>\n<\/ul>\n\n\n\n<p>W niekt\u00f3rych przypadkach potrzebne mog\u0105 by\u0107 dodatkowe dokumenty, wymagane do ustalenia wysoko\u015bci przeci\u0119tnego miesi\u0119cznego dochodu przypadaj\u0105cego na jednego cz\u0142onka gospodarstwa domowego.<\/p>\n\n\n\n<p><strong>WA\u017bNE:<\/strong> Kwota VAT-u b\u0119dzie zwracana na podstawie&nbsp;<strong>faktury rozrachunkowej<\/strong>&nbsp;za dostarczenie gazu (a nie faktury za prognoz\u0119 op\u0142at za gaz)!<\/p>\n\n\n\n<p><strong><em>Termin sk\u0142adania wniosku:<\/em><\/strong><\/p>\n\n\n\n<ul class=\"wp-block-list\">\n<li>do 29 lutego 2024 r. \u2013 w dowolnym momencie po otrzymaniu faktury VAT,<\/li>\n\n\n\n<li>po 29 lutego 2024 r. \u2013 w ci\u0105gu 30 dni od otrzymania faktury VAT, kt\u00f3ra jest przedmiotem wniosku.<\/li>\n<\/ul>\n\n\n\n<p>Przyznanie refundacji podatku VAT nie wymaga wydania decyzji administracyjnej.<\/p>\n\n\n\n<p><strong><em>Podstawa prawna:<\/em><\/strong><\/p>\n\n\n\n<p>Ustawa z&nbsp;dnia 15 grudnia 2022&nbsp;r. o&nbsp;szczeg\u00f3lnej ochronie niekt\u00f3rych odbiorc\u00f3w paliw gazowych w&nbsp;2023 r. w&nbsp;zwi\u0105zku z&nbsp;sytuacj\u0105 na rynku gazu.<\/p>\n\n\n\n<p>O ustawie: 1&nbsp;stycznia 2023 roku wesz\u0142a w&nbsp;\u017cycie tzw. tarcza energetyczna, chroni\u0105ca gospodarstwa domowe i&nbsp;podmioty wra\u017cliwe (m.in. szpitale, szko\u0142y, muzea, wsp\u00f3lnoty i&nbsp;sp\u00f3\u0142dzielnie mieszkaniowe, organizacje pozarz\u0105dowe itp.), kt\u00f3re zu\u017cywaj\u0105 paliwa gazowe do cel\u00f3w grzewczych. Na podstawie tej ustawy najbardziej wra\u017cliwym odbiorcom paliw gazowych, zu\u017cywaj\u0105cym paliwa gazowe do cel\u00f3w grzewczych, przys\u0142uguje refundacja koszt\u00f3w podatku od towar\u00f3w i&nbsp;us\u0142ug (VAT). Podatek VAT na gaz od stycznia powr\u00f3ci\u0142 do poprzedniej stawki i wynosi 23%. W 2022 roku wynosi\u0142 0%.<\/p>\n\n\n\n<p><strong><em>Kontakt:<\/em><\/strong><\/p>\n\n\n\n<p>Dodatkowe informacje mo\u017cna uzyska\u0107&nbsp; pod numerem telefonu +134656928 lub w &nbsp;Gminnym O\u015brodku Pomocy Spo\u0142ecznej w Tyrawie Wo\u0142oskiej w pokoju numer 4 w godzinach pracy O\u015brodka, tj. pon. 7.30-18, wt.-czw. 7.30-15.30, pt. 7.30-13.<\/p>\n","protected":false},"excerpt":{"rendered":"<p>DODATEK GAZOWY: REFUNDACJA PODATKU VAT DLA ODBIORC\u00d3W PALIW GAZOWYCH W 2023 ROKU. Mieszka\u0144com zu\u017cywaj\u0105cym gaz do ogrzewania dom\u00f3w lub budynk\u00f3w przys\u0142uguje dodatek gazowy, czyli refundacja koszt\u00f3w podatku od towar\u00f3w i&nbsp;us\u0142ug (VAT), kt\u00f3ry od stycznia powr\u00f3ci\u0142 do poprzedniej stawki i&nbsp;wynosi 23% (w&nbsp;2022 roku wynosi\u0142 0%.) Komu przys\u0142uguje dodatek gazowy? Dodatek gazowy przys\u0142uguje mieszka\u0144com, kt\u00f3rzy: Refundacja nie [&hellip;]<\/p>\n","protected":false},"author":2,"featured_media":0,"parent":0,"menu_order":0,"comment_status":"closed","ping_status":"closed","template":"","meta":{"footnotes":""},"class_list":["post-3961","page","type-page","status-publish","hentry","no-thumb"],"_links":{"self":[{"href":"https:\/\/tyrawa.pl\/index.php?rest_route=\/wp\/v2\/pages\/3961","targetHints":{"allow":["GET"]}}],"collection":[{"href":"https:\/\/tyrawa.pl\/index.php?rest_route=\/wp\/v2\/pages"}],"about":[{"href":"https:\/\/tyrawa.pl\/index.php?rest_route=\/wp\/v2\/types\/page"}],"author":[{"embeddable":true,"href":"https:\/\/tyrawa.pl\/index.php?rest_route=\/wp\/v2\/users\/2"}],"replies":[{"embeddable":true,"href":"https:\/\/tyrawa.pl\/index.php?rest_route=%2Fwp%2Fv2%2Fcomments&post=3961"}],"version-history":[{"count":1,"href":"https:\/\/tyrawa.pl\/index.php?rest_route=\/wp\/v2\/pages\/3961\/revisions"}],"predecessor-version":[{"id":3962,"href":"https:\/\/tyrawa.pl\/index.php?rest_route=\/wp\/v2\/pages\/3961\/revisions\/3962"}],"wp:attachment":[{"href":"https:\/\/tyrawa.pl\/index.php?rest_route=%2Fwp%2Fv2%2Fmedia&parent=3961"}],"curies":[{"name":"wp","href":"https:\/\/api.w.org\/{rel}","templated":true}]}}