{"id":3781,"date":"2024-09-17T11:41:04","date_gmt":"2024-09-17T11:41:04","guid":{"rendered":"https:\/\/zetona.cfolks.pl\/?page_id=3781"},"modified":"2025-11-03T07:48:14","modified_gmt":"2025-11-03T06:48:14","slug":"referaty","status":"publish","type":"page","link":"https:\/\/tyrawa.pl\/?page_id=3781","title":{"rendered":"Referaty"},"content":{"rendered":"\n<p><strong>Referat organizacyjny \u2013 Sekretariat<\/strong><br>Pracownik Referatu: mgr Urszula Wis\u0142ocka<br>Tel. 134656931, e-mail: urzad@tyrawa.pl<\/p>\n\n\n\n<p><strong>Referat finansowy \u2013 Podatki<\/strong><br>Pracownik Referatu: in\u017c. El\u017cbieta Buczek, e-mail: ebuczek@tyrawa.pl<br>Pracownik Referatu: mgr Wioletta Fuksa, e-mail: fuksa@tyrawa.pl<br>Tel. 134656934<\/p>\n\n\n\n<p><strong>Referat finansowy \u2013 Ksi\u0119gowo\u015b\u0107<\/strong><br>Kierownik Referatu:\u00a0 Marta Tabisz<br>Tel. 134656930, e-mail: skarbnik@tyrawa.pl<br>Pracownik Referatu: mgr Alicja Nem\u015b, e-mail: anems@tyrawa.pl<br>Pracownik Referatu: mgr Magdalena Maksym, e-mail: maksym@tyrawa.pl<br>Tel. 134656923<\/p>\n\n\n\n<p><strong>Referat Infrastruktury, Inwestycji i Gospodarki Gruntami<\/strong><br>Pracownik Referatu: mgr in\u017c. Joanna Hnat<br>Tel. 134656936, e-mail: hnatj@tyrawa.pl<\/p>\n\n\n\n<p><strong>Stanowisko ds. obywatelskich i Urz\u0105d Stanu Cywilnego<\/strong><br>Kierownik USC: mgr Bo\u017cena Jasi\u0144ska<br>Tel. 134656921, e-mail: bjasinska@tyrawa.pl, usc@tyrawa.pl<\/p>\n\n\n\n<p><strong>Referat Infrastruktury, Inwestycji i Gospodarki Gruntami, stanowisko ds. ochrony \u015brodowiska i rolnictwa<\/strong><br>Pracownik Referatu: mgr Ewa Dudka<br>tel.: 134656929, e-mail: dudka@tyrawa.pl<\/p>\n\n\n\n<p><strong>Stanowisko ds. Obrony Cywilnej i Zarz\u0105dzania Kryzysowego<\/strong><br>mgr in\u017c. Micha\u0142 Kocunik<br>tel. 13 46 56 935, e-mail: mkocunik@tyrawa.pl<\/p>\n\n\n\n<p><strong>Informatyk<\/strong><br>mgr in\u017c. Micha\u0142 Kocunik<br>tel. 13 46 56 935, e-mail: informatyk@tyrawa.pl<\/p>\n\n\n\n<p><\/p>\n","protected":false},"excerpt":{"rendered":"<p>Referat organizacyjny \u2013 SekretariatPracownik Referatu: mgr Urszula Wis\u0142ockaTel. 134656931, e-mail: urzad@tyrawa.pl Referat finansowy \u2013 PodatkiPracownik Referatu: in\u017c. El\u017cbieta Buczek, e-mail: ebuczek@tyrawa.plPracownik Referatu: mgr Wioletta Fuksa, e-mail: fuksa@tyrawa.plTel. 134656934 Referat finansowy \u2013 Ksi\u0119gowo\u015b\u0107Kierownik Referatu:\u00a0 Marta TabiszTel. 134656930, e-mail: skarbnik@tyrawa.plPracownik Referatu: mgr Alicja Nem\u015b, e-mail: anems@tyrawa.plPracownik Referatu: mgr Magdalena Maksym, e-mail: maksym@tyrawa.plTel. 134656923 Referat Infrastruktury, Inwestycji i [&hellip;]<\/p>\n","protected":false},"author":1,"featured_media":0,"parent":3456,"menu_order":0,"comment_status":"closed","ping_status":"closed","template":"","meta":{"footnotes":""},"class_list":["post-3781","page","type-page","status-publish","hentry","no-thumb"],"_links":{"self":[{"href":"https:\/\/tyrawa.pl\/index.php?rest_route=\/wp\/v2\/pages\/3781","targetHints":{"allow":["GET"]}}],"collection":[{"href":"https:\/\/tyrawa.pl\/index.php?rest_route=\/wp\/v2\/pages"}],"about":[{"href":"https:\/\/tyrawa.pl\/index.php?rest_route=\/wp\/v2\/types\/page"}],"author":[{"embeddable":true,"href":"https:\/\/tyrawa.pl\/index.php?rest_route=\/wp\/v2\/users\/1"}],"replies":[{"embeddable":true,"href":"https:\/\/tyrawa.pl\/index.php?rest_route=%2Fwp%2Fv2%2Fcomments&post=3781"}],"version-history":[{"count":3,"href":"https:\/\/tyrawa.pl\/index.php?rest_route=\/wp\/v2\/pages\/3781\/revisions"}],"predecessor-version":[{"id":5384,"href":"https:\/\/tyrawa.pl\/index.php?rest_route=\/wp\/v2\/pages\/3781\/revisions\/5384"}],"up":[{"embeddable":true,"href":"https:\/\/tyrawa.pl\/index.php?rest_route=\/wp\/v2\/pages\/3456"}],"wp:attachment":[{"href":"https:\/\/tyrawa.pl\/index.php?rest_route=%2Fwp%2Fv2%2Fmedia&parent=3781"}],"curies":[{"name":"wp","href":"https:\/\/api.w.org\/{rel}","templated":true}]}}