{"id":3740,"date":"2024-09-09T11:31:30","date_gmt":"2024-09-09T11:31:30","guid":{"rendered":"https:\/\/zetona.cfolks.pl\/?page_id=3740"},"modified":"2026-01-27T08:12:08","modified_gmt":"2026-01-27T07:12:08","slug":"program-czyste-powietrze","status":"publish","type":"page","link":"https:\/\/tyrawa.pl\/?page_id=3740","title":{"rendered":"Program \u201eCzyste Powietrze\u201d"},"content":{"rendered":"\n<figure class=\"wp-block-image size-large\"><img fetchpriority=\"high\" decoding=\"async\" width=\"1024\" height=\"432\" src=\"https:\/\/tyrawa.pl\/wp-content\/uploads\/2024\/10\/1460x616-1024x432.png\" alt=\"Logo\" class=\"wp-image-3881\" srcset=\"https:\/\/tyrawa.pl\/wp-content\/uploads\/2024\/10\/1460x616-1024x432.png 1024w, https:\/\/tyrawa.pl\/wp-content\/uploads\/2024\/10\/1460x616-300x127.png 300w, https:\/\/tyrawa.pl\/wp-content\/uploads\/2024\/10\/1460x616-768x324.png 768w, https:\/\/tyrawa.pl\/wp-content\/uploads\/2024\/10\/1460x616.png 1460w\" sizes=\"(max-width: 1024px) 100vw, 1024px\" \/><\/figure>\n\n\n\n<p><strong>OG\u0141OSZENIE O ZMIANIE PROGRAMU PRIORYTETOWEGO \u201eCZYSTE POWIETRZE\u201d i rozpocz\u0119ciu naboru w na podstawie zmienionego Programu<\/strong>.<\/p>\n\n\n\n<figure class=\"wp-block-image size-large\"><img decoding=\"async\" width=\"1024\" height=\"432\" src=\"https:\/\/tyrawa.pl\/wp-content\/uploads\/2025\/04\/Nowe-Czyste-Powietrze-1024x432.png\" alt=\"\" class=\"wp-image-4629\" srcset=\"https:\/\/tyrawa.pl\/wp-content\/uploads\/2025\/04\/Nowe-Czyste-Powietrze-1024x432.png 1024w, https:\/\/tyrawa.pl\/wp-content\/uploads\/2025\/04\/Nowe-Czyste-Powietrze-300x127.png 300w, https:\/\/tyrawa.pl\/wp-content\/uploads\/2025\/04\/Nowe-Czyste-Powietrze-768x324.png 768w, https:\/\/tyrawa.pl\/wp-content\/uploads\/2025\/04\/Nowe-Czyste-Powietrze-1536x648.png 1536w, https:\/\/tyrawa.pl\/wp-content\/uploads\/2025\/04\/Nowe-Czyste-Powietrze-2048x864.png 2048w\" sizes=\"(max-width: 1024px) 100vw, 1024px\" \/><\/figure>\n\n\n\n<p><br><strong>W dniu 31.03.2025 r. rozpoczyna si\u0119 nab\u00f3r wniosk\u00f3w o dofinansowanie, kt\u00f3ry b\u0119dzie prowadzony w ramach programu priorytetowego \u201eCzyste Powietrze\u201d zgodnie z:<\/strong><\/p>\n\n\n\n<p>1. Programem priorytetowym \u201eCzyste Powietrze\u201d oraz za\u0142\u0105cznikami nr 1 i nr 2 do Programu (koszty kwalifikowane),<\/p>\n\n\n\n<p>2. Regulaminem naboru wniosk\u00f3w o dofinansowanie przedsi\u0119wzi\u0119\u0107 w formie dotacji w ramach programu priorytetowego \u201eCzyste Powietrze\u201d,<\/p>\n\n\n\n<p>3. Oraz dostosowanymi do wymog\u00f3w ww. dokument\u00f3w formularzami: wniosku o dofinansowanie, dokumentu podsumowuj\u0105cego audyt energetyczny, dyspozycji wyp\u0142aty zaliczki oraz wniosku o p\u0142atno\u015b\u0107 wraz z instrukcjami ich wype\u0142niania.<\/p>\n\n\n\n<p><strong>Uwaga: Przedsi\u0119wzi\u0119cia realizowane w ramach Programu nie dotycz\u0105 budynk\u00f3w wielorodzinnych oraz budynk\u00f3w nowobudowanych<\/strong>.<\/p>\n\n\n\n<p>Przedsi\u0119wzi\u0119cia realizowane w ramach Programu s\u0105 finansowane ze \u015brodk\u00f3w NFO\u015aiGW zgromadzonych na rachunku Funduszu Modernizacyjnego, o kt\u00f3rym mowa w art. 10d dyrektywy 2003\/87\/WE, a kwota przeznaczona na realizacj\u0119 przedsi\u0119wzi\u0119\u0107 w ramach Programu wynosi 10 mld z\u0142.<\/p>\n\n\n\n<p>Ilekro\u0107 w Programie oraz innych dokumentach programowych mowa jest o przedsi\u0119wzi\u0119ciu \u2013 nale\u017cy przez to tak\u017ce rozumie\u0107 inwestycj\u0119, o kt\u00f3rej mowa w art. 50a ustawy o systemie handlu uprawnieniami do emisji gaz\u00f3w cieplarnianych, w dokumentacji obowi\u0105zuj\u0105cej w ramach niniejszego naboru poj\u0119cia te s\u0105 u\u017cywane zamiennie.<\/p>\n\n\n\n<p><strong>Kto mo\u017ce zosta\u0107 beneficjentem programu czyste powietrze?<\/strong><\/p>\n\n\n\n<p>O dofinansowanie mog\u0105 wyst\u0119powa\u0107 osoby fizyczne, kt\u00f3re s\u0105 w\u0142a\u015bcicielami lub wsp\u00f3\u0142w\u0142a\u015bcicielami domu jednorodzinnego lub wydzielonego w&nbsp;nim lokalu mieszkalnego z&nbsp;wyodr\u0119bnion\u0105 ksi\u0119g\u0105 wieczyst\u0105. Minimalny okres tej w\u0142asno\u015bci musi wynosi\u0107 3&nbsp;lata przed z\u0142o\u017ceniem wniosku o&nbsp;dofinansowanie. Wym\u00f3g ten nie dotyczy sytuacji spadkowych.<\/p>\n\n\n\n<p>Ponadto musz\u0105 spe\u0142nia\u0107 kryteria dochodowe okre\u015blone w&nbsp;programie, a&nbsp;w przypadku najwy\u017cszego dofinansowania \u2013 tak\u017ce wymogi dotycz\u0105ce standardu energetycznego budynku.<\/p>\n\n\n\n<p><strong>Jakie s\u0105 obowi\u0105zki wnioskodawcy?<\/strong><\/p>\n\n\n\n<p>Aby otrzyma\u0107 dotacj\u0119, wnioskodawca musi:<\/p>\n\n\n\n<ul class=\"wp-block-list\">\n<li>wykona\u0107 audyt energetyczny przed rozpocz\u0119ciem inwestycji a&nbsp;wraz z&nbsp;nim dokument podsumowuj\u0105cy audyt energetyczny i&nbsp;ten dokument do\u0142\u0105czy\u0107 do wniosku o&nbsp;dofinansowanie,<\/li>\n\n\n\n<li>po zako\u0144czeniu przedsi\u0119wzi\u0119cia przedstawi\u0107 \u015bwiadectwo charakterystyki energetycznej, kt\u00f3re potwierdzi spe\u0142nienie wymog\u00f3w programu,<\/li>\n\n\n\n<li>wykona\u0107 ca\u0142y zakres prac wskazany w&nbsp;dokumencie podsumowuj\u0105cym audyt,<\/li>\n\n\n\n<li>trzeba pami\u0119ta\u0107, \u017ce po realizacji inwestycji w&nbsp;budynku nie mo\u017ce by\u0107 u\u017cytkowane \u017ar\u00f3d\u0142o ciep\u0142a ni\u017cszej klasy ni\u017c 5.<\/li>\n<\/ul>\n\n\n\n<p><strong>Jakie s\u0105 mo\u017cliwe rodzaje dofinansowania?<\/strong><\/p>\n\n\n\n<p>W programie dost\u0119pne s\u0105 obecnie nast\u0119puj\u0105ce formy wsparcia:<\/p>\n\n\n\n<ul class=\"wp-block-list\">\n<li>Dotacja&nbsp;\u2013 przyznawana przez wojew\u00f3dzki fundusz ochrony \u015brodowiska i&nbsp;gospodarki wodnej (WFO\u015aiGW). Wyp\u0142acana w&nbsp;ca\u0142o\u015bci lub maksymalnie w&nbsp;trzech cz\u0119\u015bciach, po z\u0142o\u017ceniu wniosku o&nbsp;p\u0142atno\u015b\u0107 i&nbsp;udokumentowaniu realizacji przedsi\u0119wzi\u0119cia;<\/li>\n\n\n\n<li>Dotacja&nbsp;z&nbsp;prefinansowaniem \u2013 dost\u0119pna dla podwy\u017cszonego i&nbsp;najwy\u017cszego poziomu dofinansowania. \u015arodki wyp\u0142acane s\u0105 zaliczkowo przed rozpocz\u0119ciem inwestycji, na podstawie dyspozycji wyp\u0142aty zaliczki z\u0142o\u017conej przez beneficjenta wraz z&nbsp;faktur\u0105 zaliczkow\u0105 wystawion\u0105 przez wykonawc\u0119, kt\u00f3ry zawar\u0142 umow\u0119 z&nbsp;beneficjentem na realizacj\u0119 przedsi\u0119wzi\u0119cia w&nbsp;ramach prefinansowania. Prefinansowanie do 35% koszt\u00f3w jest mo\u017cliwe tylko za po\u015brednictwem operatora i&nbsp;jest dost\u0119pne w&nbsp;najwy\u017cszym i&nbsp;podwy\u017cszonym poziomie dofinansowania.<\/li>\n<\/ul>\n\n\n\n<p><strong>Jakie s\u0105 poziomy dofinansowania i ich progi dochodowe?<\/strong><\/p>\n\n\n\n<ul class=\"wp-block-list\">\n<li><strong>podstawowy poziom<\/strong>&nbsp;\u2013 do 40% dofinansowania, pr\u00f3g dochodu: 135&nbsp;000 z\u0142\/rok<\/li>\n\n\n\n<li><strong>podwy\u017cszony poziom<\/strong>&nbsp;\u2013 do 70% dofinansowania, pr\u00f3g dochodu:\n<ul class=\"wp-block-list\">\n<li>2 250 z\u0142\/osob\u0119 w&nbsp;gospodarstwie wieloosobowym<\/li>\n\n\n\n<li>3 150 z\u0142 w&nbsp;gospodarstwie jednoosobowym<\/li>\n\n\n\n<li>roczny przych\u00f3d z&nbsp;tytu\u0142u prowadzenia dzia\u0142alno\u015bci gospodarczej \u2013 maksymalnie czterdziestokrotno\u015b\u0107 kwoty minimalnego wynagrodzenia za prac\u0119.<\/li>\n<\/ul>\n<\/li>\n\n\n\n<li><strong>najwy\u017cszy poziom<\/strong>&nbsp;\u2013 do 100% dofinansowania, pr\u00f3g dochodu:\n<ul class=\"wp-block-list\">\n<li>1 300 z\u0142\/osob\u0119 w&nbsp;gospodarstwie wieloosobowym<\/li>\n\n\n\n<li>1 800 z\u0142 w&nbsp;gospodarstwie jednoosobowym<\/li>\n\n\n\n<li>lub otrzymywanie zasi\u0142k\u00f3w (sta\u0142y, okresowy, rodzinny, specjalny opieku\u0144czy)<\/li>\n\n\n\n<li>roczny przych\u00f3d z&nbsp;tytu\u0142u prowadzenia dzia\u0142alno\u015bci gospodarczej \u2013 maksymalnie dwunastokrotno\u015b\u0107 kwoty minimalnego wynagrodzenia za prac\u0119.<\/li>\n\n\n\n<li>Zapotrzebowanie na energi\u0119 u\u017cytkow\u0105 do ogrzewania w&nbsp;budynku powy\u017cej 140 kWh\/m2\/rok.<\/li>\n<\/ul>\n<\/li>\n<\/ul>\n\n\n\n<p><strong>WA\u017bNE!<\/strong><strong><\/strong><\/p>\n\n\n\n<p>Budynek o&nbsp;wysokim zapotrzebowaniu na energi\u0119 do ogrzewania&nbsp;to taki, kt\u00f3ry wymaga du\u017cej ilo\u015bci energii (najcz\u0119\u015bciej w postaci ciep\u0142a) do utrzymania komfortowej temperatury wewn\u0105trz. Oznacza to, \u017ce jest on&nbsp;s\u0142abo energooszcz\u0119dny, czyli szybko traci ciep\u0142o i wymaga intensywnego ogrzewania.<\/p>\n\n\n\n<p>Cechy takiego budynku:<\/p>\n\n\n\n<ul class=\"wp-block-list\">\n<li>S\u0142aba izolacja termiczna&nbsp;\u2013 np. cienkie \u015bciany, brak ocieplenia, stare okna.<\/li>\n\n\n\n<li>Nieszczelno\u015bci&nbsp;\u2013 przez kt\u00f3re ucieka ciep\u0142o (np. nieszczelne okna, drzwi, dach).<\/li>\n\n\n\n<li>Brak nowoczesnych technologii grzewczych&nbsp;\u2013 np. stary kocio\u0142, brak rekuperacji.<\/li>\n\n\n\n<li>&nbsp;Du\u017ca powierzchnia do ogrzania&nbsp;\u2013 zw\u0142aszcza je\u015bli budynek ma wysokie sufity lub du\u017ce, nieocieplone pomieszczenia.<\/li>\n<\/ul>\n\n\n\n<p><strong>Jakie warunki musi spe\u0142nia\u0107 budynek, aby mo\u017cna by\u0142o przeprowadzi\u0107 przedsi\u0119wzi\u0119cie modernizacyjne?<\/strong><\/p>\n\n\n\n<p>Budynek musi mie\u0107 pozwolenie na budow\u0119 wydane do 31.12.2020 r. Warunki zale\u017c\u0105 od wska\u017anika zapotrzebowania na energi\u0119 u\u017cytkow\u0105 do ogrzewania. Budynki dziel\u0105 si\u0119 na trzy kategorie:<\/p>\n\n\n\n<figure class=\"wp-block-image size-full\"><img decoding=\"async\" width=\"577\" height=\"438\" src=\"https:\/\/tyrawa.pl\/wp-content\/uploads\/2025\/04\/obraz.png\" alt=\"\" class=\"wp-image-4631\" srcset=\"https:\/\/tyrawa.pl\/wp-content\/uploads\/2025\/04\/obraz.png 577w, https:\/\/tyrawa.pl\/wp-content\/uploads\/2025\/04\/obraz-300x228.png 300w, https:\/\/tyrawa.pl\/wp-content\/uploads\/2025\/04\/obraz-370x280.png 370w\" sizes=\"(max-width: 577px) 100vw, 577px\" \/><\/figure>\n\n\n\n<p><strong>Ad. 1<\/strong> Je\u015bli budynek posiada przestarza\u0142e \u017ar\u00f3d\u0142o ciep\u0142a na paliwo sta\u0142e (ni\u017csze ni\u017c 5&nbsp;klasa wg EN 303\u20135), przedsi\u0119wzi\u0119cie obejmuje:<\/p>\n\n\n\n<ul class=\"wp-block-list\">\n<li>demonta\u017c starego \u017ar\u00f3d\u0142a ciep\u0142a,<\/li>\n\n\n\n<li>zakup i&nbsp;monta\u017c nowego \u017ar\u00f3d\u0142a ciep\u0142a zgodnego z&nbsp;programem,<\/li>\n\n\n\n<li>dodatkowo: wymian\u0119 instalacji c.o. i&nbsp;c.w.u., wykonanie dokumentacji technicznej.<\/li>\n<\/ul>\n\n\n\n<p><strong>Ad. 2<\/strong> W przypadku takich budynk\u00f3w mo\u017cliwe s\u0105 trzy zakresy przedsi\u0119wzi\u0119cia tj.: tylko \u017ar\u00f3d\u0142o ciep\u0142a lub tylko termomodernizacja (je\u015bli ju\u017c jest efektywne \u017ar\u00f3d\u0142o ciep\u0142a) lub \u017ar\u00f3d\u0142o ciep\u0142a i&nbsp;termomodernizacja. W&nbsp;zale\u017cno\u015bci od zakresu wymagana jest lub nie redukcja wska\u017anika, tzn.:<\/p>\n\n\n\n<ul class=\"wp-block-list\">\n<li>w przypadku, gdy w&nbsp;ramach przedsi\u0119wzi\u0119cia wymieniane jest tylko \u017ar\u00f3d\u0142o ciep\u0142a: brak zwi\u0119kszenia<\/li>\n\n\n\n<li>w przypadku, gdy w&nbsp;ramach przedsi\u0119wzi\u0119cia realizowana jest termomodernizacja: nie wi\u0119cej ni\u017c 80 kWh \/(m2*rok), przy czym zmniejszenie warto\u015bci wska\u017anika musi wynie\u015b\u0107 co najmniej 40%.<\/li>\n<\/ul>\n\n\n\n<p><strong>Ad. 3<\/strong> Dla budynk\u00f3w o&nbsp;najwy\u017cszym wska\u017aniku (powy\u017cej 140 kWh\/m\u00b2\u00b7rok) przedsi\u0119wzi\u0119cie musi zapewni\u0107 redukcj\u0119 zapotrzebowania na energi\u0119 do maksymalnie 140 kWh\/(m\u00b2\u00b7rok) oraz zmniejszenie zu\u017cycia co najmniej o&nbsp;40%. W&nbsp;ramach modernizacji mo\u017cna wykona\u0107:<\/p>\n\n\n\n<ul class=\"wp-block-list\">\n<li>wymian\u0119 \u017ar\u00f3d\u0142a ciep\u0142a (tylko wtedy, gdy budynek nie jest wyposa\u017cony w&nbsp;\u017ar\u00f3d\u0142o ciep\u0142a spe\u0142niaj\u0105ce warunki programu),<\/li>\n\n\n\n<li>wymian\u0119 instalacji centralnego ogrzewania,<\/li>\n\n\n\n<li>monta\u017c wentylacji mechanicznej z&nbsp;odzyskiem ciep\u0142a,<\/li>\n\n\n\n<li>termomodernizacj\u0119 (ocieplenie budynku, wymiana okien, drzwi, bram gara\u017cowych),<\/li>\n\n\n\n<li>dokumentacj\u0119 projektow\u0105 i&nbsp;ekspertyzy.<\/li>\n<\/ul>\n\n\n\n<p><strong>Czy mo\u017cna przeprowadzi\u0107 modernizacj\u0119 bez wymiany \u017ar\u00f3d\u0142a ciep\u0142a?<\/strong><\/p>\n\n\n\n<p>Tak, je\u015bli budynek posiada ju\u017c efektywne \u017ar\u00f3d\u0142o ciep\u0142a spe\u0142niaj\u0105ce warunki programu. W\u00f3wczas modernizacja mo\u017ce obejmowa\u0107:<\/p>\n\n\n\n<ul class=\"wp-block-list\">\n<li>monta\u017c wentylacji mechanicznej z&nbsp;odzyskiem ciep\u0142a,<\/li>\n\n\n\n<li>ocieplenie przegr\u00f3d budowlanych, wymian\u0119 okien i&nbsp;drzwi,<\/li>\n\n\n\n<li>dokumentacj\u0119 techniczn\u0105 i&nbsp;ekspertyzy, przy czym wi\u0105\u017ce si\u0119 to z&nbsp;konieczno\u015bci\u0105 osi\u0105gni\u0119cia okre\u015blonych wska\u017anik\u00f3w wymaganych programem i&nbsp;ustalonych w&nbsp;audycie energetycznym.<\/li>\n<\/ul>\n\n\n\n<p><strong>Jak okre\u015bla si\u0119 dat\u0119 rozpocz\u0119cia oraz zako\u0144czenia przedsi\u0119wzi\u0119cia?<\/strong><\/p>\n\n\n\n<p>Rozpocz\u0119cie przedsi\u0119wzi\u0119cia oznacza poniesienie pierwszego kosztu kwalifikowanego, czyli dat\u0119 wystawienia pierwszej faktury lub innego dokumentu ksi\u0119gowego. Mo\u017ce to nast\u0105pi\u0107 nie wcze\u015bniej ni\u017c sze\u015b\u0107 miesi\u0119cy przed dat\u0105 z\u0142o\u017cenia wniosku o&nbsp;dofinansowanie. Wyj\u0105tkiem s\u0105 wnioski sk\u0142adane w&nbsp;ci\u0105gu czterech miesi\u0119cy od daty og\u0142oszenia naboru \u2013 dla nich rozpocz\u0119cie przedsi\u0119wzi\u0119cia mog\u0142o nast\u0105pi\u0107 od 28.05.2024 r.<\/p>\n\n\n\n<p><br>Przedsi\u0119wzi\u0119cie jest zako\u0144czone w&nbsp;dniu wystawienia ostatniej faktury lub innego dokumentu potwierdzaj\u0105cego wykonanie prac. Oznacza to rzeczowe zako\u0144czenie wszystkich dzia\u0142a\u0144 obj\u0119tych umow\u0105 o&nbsp;dofinansowanie i&nbsp;umo\u017cliwia prawid\u0142ow\u0105 eksploatacj\u0119 zamontowanych urz\u0105dze\u0144.<\/p>\n\n\n\n<p><strong>Jaki jest maksymalny czas realizacji przedsi\u0119wzi\u0119cia?<\/strong><\/p>\n\n\n\n<p>Dla dotacji oraz dotacji z&nbsp;prefinansowaniem: do 24 miesi\u0119cy od daty z\u0142o\u017cenia wniosku.<\/p>\n\n\n\n<p><strong>!OPERATORZY!<\/strong><\/p>\n\n\n\n<p>Rola operatora to nowo\u015b\u0107 w Programie i polega na bezp\u0142atnym, pe\u0142nym wsparciu beneficjenta krok po korku, od podj\u0119cia decyzji o ch\u0119ci skorzystania z dofinansowania, przez realizacj\u0119 przedsi\u0119wzi\u0119cia a\u017c do jego zako\u0144czenia i rozliczenia. W nowym Programie <strong>najwy\u017cszy poziom dofinansowania mo\u017cliwy jest tylko przez operatora.<\/strong> W ramach poziomu podwy\u017cszonego skorzystanie ze wsparcia operatora jest opcjonalne, z wyj\u0105tkiem prefinansowania, gdzie jest obowi\u0105zkowe. <strong>Lista operator\u00f3w dzia\u0142aj\u0105cych na rzecz Beneficjent\u00f3w Programu publikowana jest na stronie internetowej www.czystepowietrze.gov.pl oraz na stronach internetowych WFO\u015aiGW.<\/strong><\/p>\n\n\n\n<p><strong>Prefinansowanie w ramach Programu<\/strong><\/p>\n\n\n\n<p>Prefinansowanie (zaliczka) w nowej ods\u0142onie programu Czyste Powietrze mo\u017cliwe <strong>jest tylko przez operatora i tylko w najwy\u017cszym oraz podwy\u017cszonym poziomie dofinansowania. <\/strong>Zaliczka wynosi do <strong>35%<\/strong> i jest uwarunkowana przed\u0142o\u017ceniem wraz z wnioskiem o dofinansowanie maksymalnie 3 um\u00f3w z wykonawc\u0105\/cami na realizacj\u0119 przedsi\u0119wzi\u0119cia (chodzi o us\u0142ugi, dostawy lub roboty budowlane).<\/p>\n\n\n\n<p>WFO\u015aiGW b\u0119dzie wyp\u0142aca\u0142 zaliczk\u0119 na konto wykonawcy na podstawie: dyspozycji z\u0142o\u017conej przez beneficjenta, faktury zaliczkowej oraz listy sprawdzaj\u0105cej operatora, potwierdzaj\u0105cej spe\u0142nienie warunk\u00f3w programu.<\/p>\n\n\n\n<p><strong>Gdzie sk\u0142ada\u0107 wnioski?<\/strong><\/p>\n\n\n\n<p>Wnioski o dofinansowanie w formie dotacji lub dotacji z prefinansowaniem w ramach Programu nale\u017cy sk\u0142ada\u0107 do Wojew\u00f3dzkiego Funduszu Ochrony \u015arodowiska i Gospodarki Wodnej obejmuj\u0105cego swoim dzia\u0142aniem teren wojew\u00f3dztwa, w kt\u00f3rym zlokalizowany jest budynek\/lokal mieszkalny, kt\u00f3rego dotyczy przedsi\u0119wzi\u0119cie.<\/p>\n\n\n\n<figure class=\"wp-block-image size-large\"><img loading=\"lazy\" decoding=\"async\" width=\"1024\" height=\"432\" src=\"https:\/\/tyrawa.pl\/wp-content\/uploads\/2025\/04\/Baner-informacyjny-czyste-powietrze-1024x432.png\" alt=\"\" class=\"wp-image-4627\" srcset=\"https:\/\/tyrawa.pl\/wp-content\/uploads\/2025\/04\/Baner-informacyjny-czyste-powietrze-1024x432.png 1024w, https:\/\/tyrawa.pl\/wp-content\/uploads\/2025\/04\/Baner-informacyjny-czyste-powietrze-300x127.png 300w, https:\/\/tyrawa.pl\/wp-content\/uploads\/2025\/04\/Baner-informacyjny-czyste-powietrze-768x324.png 768w, https:\/\/tyrawa.pl\/wp-content\/uploads\/2025\/04\/Baner-informacyjny-czyste-powietrze-1536x648.png 1536w, https:\/\/tyrawa.pl\/wp-content\/uploads\/2025\/04\/Baner-informacyjny-czyste-powietrze-2048x864.png 2048w\" sizes=\"(max-width: 1024px) 100vw, 1024px\" \/><\/figure>\n\n\n\n<p>Wnioski o dofinansowanie w formie dotacji lub dotacji z prefinansowaniem mo\u017cna sk\u0142ada\u0107 wy\u0142\u0105cznie przez: serwis gov.pl pod adresem:<br>&nbsp;<a href=\"https:\/\/www.gov.pl\/web\/gov\/skorzystaj-z-programu-czyste-powietrze\">https:\/\/www.gov.pl\/web\/gov\/skorzystaj-z-programu-czyste-powietrze<\/a><\/p>\n\n\n\n<p>&nbsp;lub system Generator Wniosk\u00f3w o Dofinansowanie (GWD) pod adresem:<\/p>\n\n\n\n<p><a href=\"https:\/\/gwd.nfosigw.gov.pl\">https:\/\/gwd.nfosigw.gov.pl<\/a><\/p>\n\n\n\n<p>\u2022 wy\u0142\u0105cznie w wersji elektronicznej, gdy Wnioskodawca dysponuje podpisem elektronicznym (podpis kwalifikowany lub profil zaufany),<\/p>\n\n\n\n<p>\u2022 w przypadku braku podpisu elektronicznego, konieczne jest dostarczenie r\u00f3wnie\u017c wersji papierowej wniosku wraz z za\u0142\u0105cznikami z wymaganymi podpisami.<\/p>\n\n\n\n<p>Wersje papierowe wniosk\u00f3w o dofinansowanie mo\u017cna dostarcza\u0107:<\/p>\n\n\n\n<p>-za po\u015brednictwem gmin, kt\u00f3re zawar\u0142y porozumienia w sprawie ustalenia zasad wsp\u00f3lnej realizacji programu priorytetowego \u201eCzyste Powietrze\u201d z WFO\u015aiGW, lub<\/p>\n\n\n\n<p>-przez nadanie do w\u0142a\u015bciwego WFO\u015aiGW w polskiej plac\u00f3wce pocztowej operatora wyznaczonego w rozumieniu ustawy z dnia 23 listopada 2012 r. &#8211; Prawo pocztowe (w latach 2016-2025 funkcj\u0119 operatora wyznaczonego w rozumieniu tej ustawy pe\u0142ni Poczta Polska S.A.) lub<\/p>\n\n\n\n<p>-bezpo\u015brednio do w\u0142a\u015bciwego WFO\u015aiGW.<\/p>\n\n\n\n<p>Wnioski o dofinansowanie w ramach <strong>podwy\u017cszonego poziomu dofinansowania<\/strong><\/p>\n\n\n\n<p><strong>z prefinansowaniem oraz wnioski o dofinansowanie z najwy\u017cszego poziomu dofinansowania<\/strong>, zar\u00f3wno bez prefinansowania jaki i z prefinansowaniem, mo\u017cna sk\u0142ada\u0107 tylko przy udziale <strong>operatora programu czyste powietrze<\/strong>,&nbsp; poprzez konto grupowe operatora w systemie GWD.<\/p>\n\n\n\n<p><strong>Szczeg\u00f3\u0142owe informacje o sk\u0142adaniu i rozpatrywaniu wniosk\u00f3w o dofinansowanie zawarte s\u0105 w Regulaminie naboru wniosk\u00f3w o dofinansowanie przedsi\u0119wzi\u0119\u0107 w formie dotacji w ramach programu priorytetowego \u201eCzyste Powietrze\u201d.<\/strong><\/p>\n\n\n\n<p>&nbsp;Link do wymaganej dokumentacji :<a href=\"https:\/\/beneficjent.wfosigw.rzeszow.pl\/wymagana-dokumentacja\"><strong>https:\/\/beneficjent.wfosigw.rzeszow.pl\/wymagana-dokumentacja<\/strong><\/a><\/p>\n\n\n\n<figure class=\"wp-block-image size-large\"><img loading=\"lazy\" decoding=\"async\" width=\"1024\" height=\"535\" src=\"https:\/\/tyrawa.pl\/wp-content\/uploads\/2025\/04\/Baner-sprawdzaj-oferty-1024x535.png\" alt=\"\" class=\"wp-image-4628\" srcset=\"https:\/\/tyrawa.pl\/wp-content\/uploads\/2025\/04\/Baner-sprawdzaj-oferty-1024x535.png 1024w, https:\/\/tyrawa.pl\/wp-content\/uploads\/2025\/04\/Baner-sprawdzaj-oferty-300x157.png 300w, https:\/\/tyrawa.pl\/wp-content\/uploads\/2025\/04\/Baner-sprawdzaj-oferty-768x402.png 768w, https:\/\/tyrawa.pl\/wp-content\/uploads\/2025\/04\/Baner-sprawdzaj-oferty-1536x803.png 1536w, https:\/\/tyrawa.pl\/wp-content\/uploads\/2025\/04\/Baner-sprawdzaj-oferty-2048x1071.png 2048w\" sizes=\"(max-width: 1024px) 100vw, 1024px\" \/><\/figure>\n\n\n\n<p><strong>W celu usprawnienia wype\u0142niania wniosku o dotacj\u0119 prosimy o wcze\u015bniejsze przygotowanie niezb\u0119dnych informacji potrzebnych do jego wype\u0142nienia.&nbsp;<\/strong><\/p>\n\n\n\n<p><strong>Informacja o liczbie z\u0142o\u017conych wniosk\u00f3w:<\/strong><\/p>\n\n\n\n<ul class=\"wp-block-list\">\n<li>Liczba z\u0142o\u017conych wniosk\u00f3w o dofinansowanie: <strong>65 szt.<\/strong><\/li>\n\n\n\n<li>Liczba zawartych um\u00f3w: <strong>59 szt.<\/strong><\/li>\n\n\n\n<li>Przedsi\u0119wzi\u0119cia zrealizowane ( umowy cz\u0119\u015bciowo i w ca\u0142o\u015bci zrealizowane): <strong>50 szt. \u2013 kwota 1.941 588,38 z\u0142<\/strong><\/li>\n\n\n\n<li>Przedsi\u0119wzi\u0119cia zrealizowane (umowy zako\u0144czone): <strong>31 szt. \u2013 kwota 1.100.221,21 z\u0142<\/strong><\/li>\n<\/ul>\n\n\n\n<p><em>Dane na dzie\u0144 31.12.2025 r. dotycz\u0105ce realizacji Programu \u201eCzyste Powietrze\u201d na terenie Gminy Tyrawa Wo\u0142oska \u2013 aktualizacja b\u0119dzie dokonywana raz na kwarta\u0142.<\/em><\/p>\n\n\n\n<p><strong>Kontakt<\/strong><\/p>\n\n\n\n<p><strong>Kontakt z pracownikami Urz\u0119du Gminy w Tyrawie Wo\u0142oskiej&nbsp;<\/strong>w celu uzyskania dodatkowych informacji pod numerem telefonu:&nbsp;<strong>13 46 56&nbsp;926.<\/strong><\/p>\n\n\n\n<p><strong>Kontakt z pracownikami Gminnego O\u015brodka Pomocy Spo\u0142ecznej<\/strong>&nbsp;w sprawie wydawanych za\u015bwiadcze\u0144 tel.&nbsp;<strong>13 46 56&nbsp;939.<\/strong><\/p>\n\n\n\n<p><strong>Og\u00f3lnopolska infolinia programu Czyste Powietrze<\/strong>&nbsp;po numerem telefonu:&nbsp;<strong>22&nbsp;340 40 80<\/strong>, czynna jest od poniedzia\u0142ku do pi\u0105tku w godzinach od 8:00 do 16:00. Z infolinii wnioskodawcy mog\u0105 skorzysta\u0107 zar\u00f3wno przed, jak i po z\u0142o\u017ceniu wniosku.<\/p>\n\n\n\n<p>Mo\u017cliwy jest r\u00f3wnie\u017c indywidualny&nbsp;<strong>kontakt z pracownikami Wojew\u00f3dzkiego Funduszu Ochrony \u015arodowiska i Gospodarki Wodnej w Rzeszowie&nbsp;<\/strong>pod numerem telefonu:<strong>&nbsp;&nbsp;887 447 725&nbsp;od poniedzia\u0142ku do pi\u0105tku w godzinach pracy Funduszu od 7:30 do 15:30&nbsp;<\/strong>b\u0105d\u017a drog\u0105 mailow\u0105 na adres:&nbsp;<a href=\"mailto:portal@wfosigw.rzeszow.pl\"><strong>portal@wfosigw.rzeszow.pl<\/strong><\/a>&nbsp;lub&nbsp;<a href=\"mailto:doradztwo@wfosigw.rzeszow.pl\"><strong>doradztwo@wfosigw.rzeszow.pl<\/strong><\/a><\/p>\n\n\n\n<p>W celu uzyskania informacji o statusie swojego wniosku lub umowy nale\u017cy skontaktowa\u0107 si\u0119 z Wojew\u00f3dzkim Funduszem Ochrony \u015arodowiska i Gospodarki Wodnej w Rzeszowie.<\/p>\n\n\n\n<p><strong>Przypomnienie:<\/strong><br><strong>Ostatnie dni okresu przej\u015bciowego w programie Czyste Powietrze<\/strong><\/p>\n\n\n\n<p>Przypominamy, \u017ce do 31 sierpnia 2025 r. trwa okres przej\u015bciowy w programie Czyste Powietrze. To ostatnia szansa, by z\u0142o\u017cy\u0107 wniosek o dofinansowanie na inwestycje rozpocz\u0119te po 28 maja 2024 r., kt\u00f3re nie zosta\u0142y zg\u0142oszone przed zawieszeniem programu w listopadzie ubieg\u0142ego roku.<\/p>\n\n\n\n<p>Od 1 wrze\u015bnia 2025 r. zmieniaj\u0105 si\u0119 zasady kwalifikowania koszt\u00f3w \u2013 b\u0119d\u0105 one uznawane tylko je\u015bli zosta\u0142y poniesione nie wcze\u015bniej ni\u017c 6 miesi\u0119cy przed dat\u0105 z\u0142o\u017cenia wniosku.<\/p>\n\n\n\n<p>Je\u015bli planujesz skorzysta\u0107 z dotacji na wcze\u015bniejsze wydatki, nie zwlekaj \u2013 masz czas do ko\u0144ca tego miesi\u0105ca.<\/p>\n","protected":false},"excerpt":{"rendered":"<p>OG\u0141OSZENIE O ZMIANIE PROGRAMU PRIORYTETOWEGO \u201eCZYSTE POWIETRZE\u201d i rozpocz\u0119ciu naboru w na podstawie zmienionego Programu. W dniu 31.03.2025 r. rozpoczyna si\u0119 nab\u00f3r wniosk\u00f3w o dofinansowanie, kt\u00f3ry b\u0119dzie prowadzony w ramach programu priorytetowego \u201eCzyste Powietrze\u201d zgodnie z: 1. Programem priorytetowym \u201eCzyste Powietrze\u201d oraz za\u0142\u0105cznikami nr 1 i nr 2 do Programu (koszty kwalifikowane), 2. Regulaminem naboru [&hellip;]<\/p>\n","protected":false},"author":1,"featured_media":0,"parent":0,"menu_order":0,"comment_status":"closed","ping_status":"closed","template":"","meta":{"footnotes":""},"class_list":["post-3740","page","type-page","status-publish","hentry","no-thumb"],"_links":{"self":[{"href":"https:\/\/tyrawa.pl\/index.php?rest_route=\/wp\/v2\/pages\/3740","targetHints":{"allow":["GET"]}}],"collection":[{"href":"https:\/\/tyrawa.pl\/index.php?rest_route=\/wp\/v2\/pages"}],"about":[{"href":"https:\/\/tyrawa.pl\/index.php?rest_route=\/wp\/v2\/types\/page"}],"author":[{"embeddable":true,"href":"https:\/\/tyrawa.pl\/index.php?rest_route=\/wp\/v2\/users\/1"}],"replies":[{"embeddable":true,"href":"https:\/\/tyrawa.pl\/index.php?rest_route=%2Fwp%2Fv2%2Fcomments&post=3740"}],"version-history":[{"count":16,"href":"https:\/\/tyrawa.pl\/index.php?rest_route=\/wp\/v2\/pages\/3740\/revisions"}],"predecessor-version":[{"id":5690,"href":"https:\/\/tyrawa.pl\/index.php?rest_route=\/wp\/v2\/pages\/3740\/revisions\/5690"}],"wp:attachment":[{"href":"https:\/\/tyrawa.pl\/index.php?rest_route=%2Fwp%2Fv2%2Fmedia&parent=3740"}],"curies":[{"name":"wp","href":"https:\/\/api.w.org\/{rel}","templated":true}]}}