{"id":3738,"date":"2024-09-09T11:31:16","date_gmt":"2024-09-09T11:31:16","guid":{"rendered":"https:\/\/zetona.cfolks.pl\/?page_id=3738"},"modified":"2025-09-17T08:06:29","modified_gmt":"2025-09-17T06:06:29","slug":"przebudowa-pomieszczen-gminnego-osrodka-kultury-na-potrzeby-prowadzenia-dzialalnosci-kulturalnej","status":"publish","type":"page","link":"https:\/\/tyrawa.pl\/?page_id=3738","title":{"rendered":"Przebudowa pomieszcze\u0144 Gminnego O\u015brodka Kultury na potrzeby prowadzenia dzia\u0142alno\u015bci kulturalnej"},"content":{"rendered":"\n<figure class=\"wp-block-image size-full\"><img fetchpriority=\"high\" decoding=\"async\" width=\"1537\" height=\"432\" src=\"https:\/\/tyrawa.pl\/wp-content\/uploads\/2024\/10\/05_znak_uproszczony_kolor_biale_tlo.png\" alt=\"Logotyp\" class=\"wp-image-3993\"\/><\/figure>\n\n\n\n<p>W 2022 roku Gmina Tyrawa Wo\u0142oska otrzyma\u0142a dofinansowanie na przebudow\u0119 pomieszcze\u0144 Gminnego O\u015brodka Kultury na potrzeby prowadzenia dzia\u0142alno\u015bci kulturowej.<\/p>\n\n\n\n<p>Realizacja zadania umo\u017cliwi podniesienie standard\u00f3w dzia\u0142alno\u015bci kulturowej w miejscowo\u015bci Tyrawa Wo\u0142oska.<\/p>\n\n\n\n<p><em>Dofinansowano ze \u015brodk\u00f3w Ministra Kultury i Dziedzictwa Narodowego pochodz\u0105cych z Funduszu Promocji Kultury &#8211; pa\u0144stwowego funduszu celowego<\/em><\/p>\n","protected":false},"excerpt":{"rendered":"<p>W 2022 roku Gmina Tyrawa Wo\u0142oska otrzyma\u0142a dofinansowanie na przebudow\u0119 pomieszcze\u0144 Gminnego O\u015brodka Kultury na potrzeby prowadzenia dzia\u0142alno\u015bci kulturowej. Realizacja zadania umo\u017cliwi podniesienie standard\u00f3w dzia\u0142alno\u015bci kulturowej w miejscowo\u015bci Tyrawa Wo\u0142oska. Dofinansowano ze \u015brodk\u00f3w Ministra Kultury i Dziedzictwa Narodowego pochodz\u0105cych z Funduszu Promocji Kultury &#8211; pa\u0144stwowego funduszu celowego<\/p>\n","protected":false},"author":1,"featured_media":0,"parent":0,"menu_order":0,"comment_status":"closed","ping_status":"closed","template":"","meta":{"footnotes":""},"class_list":["post-3738","page","type-page","status-publish","hentry","no-thumb"],"_links":{"self":[{"href":"https:\/\/tyrawa.pl\/index.php?rest_route=\/wp\/v2\/pages\/3738","targetHints":{"allow":["GET"]}}],"collection":[{"href":"https:\/\/tyrawa.pl\/index.php?rest_route=\/wp\/v2\/pages"}],"about":[{"href":"https:\/\/tyrawa.pl\/index.php?rest_route=\/wp\/v2\/types\/page"}],"author":[{"embeddable":true,"href":"https:\/\/tyrawa.pl\/index.php?rest_route=\/wp\/v2\/users\/1"}],"replies":[{"embeddable":true,"href":"https:\/\/tyrawa.pl\/index.php?rest_route=%2Fwp%2Fv2%2Fcomments&post=3738"}],"version-history":[{"count":3,"href":"https:\/\/tyrawa.pl\/index.php?rest_route=\/wp\/v2\/pages\/3738\/revisions"}],"predecessor-version":[{"id":5231,"href":"https:\/\/tyrawa.pl\/index.php?rest_route=\/wp\/v2\/pages\/3738\/revisions\/5231"}],"wp:attachment":[{"href":"https:\/\/tyrawa.pl\/index.php?rest_route=%2Fwp%2Fv2%2Fmedia&parent=3738"}],"curies":[{"name":"wp","href":"https:\/\/api.w.org\/{rel}","templated":true}]}}