{"id":3736,"date":"2024-09-09T11:31:06","date_gmt":"2024-09-09T11:31:06","guid":{"rendered":"https:\/\/zetona.cfolks.pl\/?page_id=3736"},"modified":"2024-10-02T08:09:01","modified_gmt":"2024-10-02T08:09:01","slug":"modernizacja-budynku-swietlicy-wiejskiej-w-holuczkowie","status":"publish","type":"page","link":"https:\/\/tyrawa.pl\/?page_id=3736","title":{"rendered":"Modernizacja budynku \u015awietlicy Wiejskiej w Ho\u0142uczkowie"},"content":{"rendered":"\n<p>W 2022 r. Gmina Tyrawa Wo\u0142oska po raz kolejny otrzyma\u0142a dofinansowanie ze \u015arodk\u00f3w Ministerstwa Kultury i Dziedzictwa Narodowego na zadanie pn. MODERNIZACJA BUDYNKU \u015aWIETLICY WIEJSKIEJ W HO\u0141UCZKOWIE. Jest to kolejny etap inwestycji rozpocz\u0119tej w 2019 roku.<\/p>\n\n\n\n<p><em>Dofinansowano ze \u015brodk\u00f3w Ministra Kultury i Dziedzictwa Narodowego pochodz\u0105cych z Funduszu Promocji Kultury \u2013 pa\u0144stwowego funduszu celowego.<\/em><\/p>\n\n\n\n<p>Modernizacja budynku \u015bwietlicy wiejskiej w Ho\u0142uczkowie to zadanie realizowane w roku 2021 jako kolejny etap inwestycji rozpocz\u0119tej w roku 2019. Budynek \u015awietlicy Wiejskiej w Ho\u0142uczkowie. Jest to jedyny obiekt w tej miejscowo\u015bci, w kt\u00f3rym mo\u017ce by\u0107 realizowana dzia\u0142alno\u015b\u0107 kulturalna. Zadanie uj\u0119te w projekcie umo\u017cliwi podniesienie standard\u00f3w dzia\u0142alno\u015bci kulturalnej w miejscowo\u015bci Ho\u0142uczk\u00f3w. Celem projektu jest zapewnienie odpowiedniego stanu technicznego oraz podstawowych standard\u00f3w w budynku \u015awietlicy Wiejskiej w Ho\u0142uczkowie. Budynek b\u0119dzie przeznaczony na dzia\u0142alno\u015b\u0107 kulturaln\u0105 zar\u00f3wno mieszka\u0144c\u00f3w wsi Ho\u0142uczk\u00f3w jak r\u00f3wnie\u017c ca\u0142ej gminy Tyrawa Wo\u0142oska.<\/p>\n\n\n\n<p>Dofinansowano ze \u015brodk\u00f3w Ministra Kultury, Dziedzictwa Narodowego i Sportu pochodz\u0105cych z Funduszu Promocji Kultury.<\/p>\n\n\n\n<p>Modernizacja budynku \u015bwietlicy wiejskiej w Ho\u0142uczkowie to zadanie realizowane w roku 2019. Budynek \u015awietlicy Wiejskiej w Ho\u0142uczkowie. Jest to jedyny obiekt w tej miejscowo\u015bci, w kt\u00f3rym mo\u017ce by\u0107 realizowana dzia\u0142alno\u015b\u0107 kulturalna. Zadanie uj\u0119te w projekcie umo\u017cliwi podniesienie standard\u00f3w dzia\u0142alno\u015bci kulturalnej w miejscowo\u015bci Ho\u0142uczk\u00f3w. Celem projektu jest zapewnienie odpowiedniego stanu technicznego oraz podstawowych standard\u00f3w w budynku \u015awietlicy Wiejskiej w Ho\u0142uczkowie. Budynek b\u0119dzie przeznaczony na dzia\u0142alno\u015b\u0107 kulturaln\u0105 zar\u00f3wno mieszka\u0144c\u00f3w wsi Ho\u0142uczk\u00f3w jak r\u00f3wnie\u017c ca\u0142ej gminy Tyrawa Wo\u0142oska.<\/p>\n\n\n\n<p>Dofinansowano ze \u015brodk\u00f3w Ministra Kultury i Dziedzictwa Narodowego pochodz\u0105cych z Funduszu Promocji Kultury.<\/p>\n","protected":false},"excerpt":{"rendered":"<p>W 2022 r. Gmina Tyrawa Wo\u0142oska po raz kolejny otrzyma\u0142a dofinansowanie ze \u015arodk\u00f3w Ministerstwa Kultury i Dziedzictwa Narodowego na zadanie pn. MODERNIZACJA BUDYNKU \u015aWIETLICY WIEJSKIEJ W HO\u0141UCZKOWIE. Jest to kolejny etap inwestycji rozpocz\u0119tej w 2019 roku. Dofinansowano ze \u015brodk\u00f3w Ministra Kultury i Dziedzictwa Narodowego pochodz\u0105cych z Funduszu Promocji Kultury \u2013 pa\u0144stwowego funduszu celowego. Modernizacja budynku [&hellip;]<\/p>\n","protected":false},"author":1,"featured_media":0,"parent":0,"menu_order":0,"comment_status":"closed","ping_status":"closed","template":"","meta":{"footnotes":""},"class_list":["post-3736","page","type-page","status-publish","hentry","no-thumb"],"_links":{"self":[{"href":"https:\/\/tyrawa.pl\/index.php?rest_route=\/wp\/v2\/pages\/3736","targetHints":{"allow":["GET"]}}],"collection":[{"href":"https:\/\/tyrawa.pl\/index.php?rest_route=\/wp\/v2\/pages"}],"about":[{"href":"https:\/\/tyrawa.pl\/index.php?rest_route=\/wp\/v2\/types\/page"}],"author":[{"embeddable":true,"href":"https:\/\/tyrawa.pl\/index.php?rest_route=\/wp\/v2\/users\/1"}],"replies":[{"embeddable":true,"href":"https:\/\/tyrawa.pl\/index.php?rest_route=%2Fwp%2Fv2%2Fcomments&post=3736"}],"version-history":[{"count":2,"href":"https:\/\/tyrawa.pl\/index.php?rest_route=\/wp\/v2\/pages\/3736\/revisions"}],"predecessor-version":[{"id":3907,"href":"https:\/\/tyrawa.pl\/index.php?rest_route=\/wp\/v2\/pages\/3736\/revisions\/3907"}],"wp:attachment":[{"href":"https:\/\/tyrawa.pl\/index.php?rest_route=%2Fwp%2Fv2%2Fmedia&parent=3736"}],"curies":[{"name":"wp","href":"https:\/\/api.w.org\/{rel}","templated":true}]}}