{"id":3734,"date":"2024-09-09T11:30:48","date_gmt":"2024-09-09T11:30:48","guid":{"rendered":"https:\/\/zetona.cfolks.pl\/?page_id=3734"},"modified":"2024-10-02T07:59:30","modified_gmt":"2024-10-02T07:59:30","slug":"stabilizacja-osuwiska-w-holuczkowie","status":"publish","type":"page","link":"https:\/\/tyrawa.pl\/?page_id=3734","title":{"rendered":"Stabilizacja osuwiska w Ho\u0142uczkowie"},"content":{"rendered":"\n<p>Gmina Tyrawa Wo\u0142oska informuje, i\u017c z rezerwy celowej bud\u017cetu pa\u0144stwa zosta\u0142a przyznana dotacja na Wykonanie projektu budowlanego w ramach zadania pn.: \u201eStabilizacja osuwiska nr ewid. 18-17-062-097091 w celu zabezpieczenia drogi gminnej nr G 117405 w m. Ho\u0142uczk\u00f3w, gm. Tyrawa Wo\u0142oska, pow. sanocki, woj. podkarpackie\u201d. Ca\u0142kowita warto\u015b\u0107: 83.640,00 z\u0142 z czego dotacja stanowi 80 % koszt\u00f3w czyli 66.912,00 z\u0142. Wykonanie projektu&nbsp; budowlanego jest drugim etapem zadania, pierwszy etap zosta\u0142 zako\u0144czony w 2020 roku wykonaniem dokumentacji geologiczno-in\u017cynierskiej.<\/p>\n\n\n\n<p>Umocnienie osuwiska w Ho\u0142uczkowie ma na celu zabezpieczenie drogi gminnej publicznej&nbsp; nr G 117405.<\/p>\n","protected":false},"excerpt":{"rendered":"<p>Gmina Tyrawa Wo\u0142oska informuje, i\u017c z rezerwy celowej bud\u017cetu pa\u0144stwa zosta\u0142a przyznana dotacja na Wykonanie projektu budowlanego w ramach zadania pn.: \u201eStabilizacja osuwiska nr ewid. 18-17-062-097091 w celu zabezpieczenia drogi gminnej nr G 117405 w m. Ho\u0142uczk\u00f3w, gm. Tyrawa Wo\u0142oska, pow. sanocki, woj. podkarpackie\u201d. Ca\u0142kowita warto\u015b\u0107: 83.640,00 z\u0142 z czego dotacja stanowi 80 % koszt\u00f3w [&hellip;]<\/p>\n","protected":false},"author":1,"featured_media":3897,"parent":0,"menu_order":0,"comment_status":"closed","ping_status":"closed","template":"","meta":{"footnotes":""},"class_list":["post-3734","page","type-page","status-publish","has-post-thumbnail","hentry","has-thumb"],"_links":{"self":[{"href":"https:\/\/tyrawa.pl\/index.php?rest_route=\/wp\/v2\/pages\/3734","targetHints":{"allow":["GET"]}}],"collection":[{"href":"https:\/\/tyrawa.pl\/index.php?rest_route=\/wp\/v2\/pages"}],"about":[{"href":"https:\/\/tyrawa.pl\/index.php?rest_route=\/wp\/v2\/types\/page"}],"author":[{"embeddable":true,"href":"https:\/\/tyrawa.pl\/index.php?rest_route=\/wp\/v2\/users\/1"}],"replies":[{"embeddable":true,"href":"https:\/\/tyrawa.pl\/index.php?rest_route=%2Fwp%2Fv2%2Fcomments&post=3734"}],"version-history":[{"count":2,"href":"https:\/\/tyrawa.pl\/index.php?rest_route=\/wp\/v2\/pages\/3734\/revisions"}],"predecessor-version":[{"id":3898,"href":"https:\/\/tyrawa.pl\/index.php?rest_route=\/wp\/v2\/pages\/3734\/revisions\/3898"}],"wp:featuredmedia":[{"embeddable":true,"href":"https:\/\/tyrawa.pl\/index.php?rest_route=\/wp\/v2\/media\/3897"}],"wp:attachment":[{"href":"https:\/\/tyrawa.pl\/index.php?rest_route=%2Fwp%2Fv2%2Fmedia&parent=3734"}],"curies":[{"name":"wp","href":"https:\/\/api.w.org\/{rel}","templated":true}]}}