{"id":3732,"date":"2024-09-09T11:30:36","date_gmt":"2024-09-09T11:30:36","guid":{"rendered":"https:\/\/zetona.cfolks.pl\/?page_id=3732"},"modified":"2026-03-17T12:56:26","modified_gmt":"2026-03-17T11:56:26","slug":"gminna-biblioteka-publiczna","status":"publish","type":"page","link":"https:\/\/tyrawa.pl\/?page_id=3732","title":{"rendered":"Gminna Biblioteka Publiczna"},"content":{"rendered":"\n<p><strong>Telefon:<\/strong><\/p>\n\n\n\n<p>Kierownik GBP: 13 46 211 16<\/p>\n\n\n\n<p><strong>Godziny pracy Gminnej Biblioteki Publicznej w Tyrawie Wo\u0142oskiej<\/strong><\/p>\n\n\n\n<p>Poniedzia\u0142ek od godz. 8.00 do 16.00<br>Wtorek od godz. 11.00 do 19.00<br>\u015aroda od godz. 8.00 do 16.00<br>Czwartek od godz. 11.00 do 19.00<br>Pi\u0119tek od godz. 8.00 do 16.00<\/p>\n\n\n\n<p><strong>OG\u0141OSZENIE:<\/strong><\/p>\n\n\n\n<p>Gminna Biblioteka Publiczna w Tyrawie Wo\u0142oskiej realizuje zadanie pn. \u201eDofinansowania dla bibliotek publicznych na zakup nowo\u015bci wydawniczych oraz&nbsp; us\u0142ugi zdalnego dost\u0119pu do ksi\u0105\u017cek w formach e-book\u00f3w i\/lub audiobook\u00f3w i\/lub synchrobook\u00f3w \u2013 Priorytet 1, Kierunek interwencji 1.1. w ramach NPRCz 2.0\u201d<\/p>\n\n\n\n<p>Kwota dofinansowania 2 500,00 z\u0142.<\/p>\n\n\n\n<p><em>\u201eDofinansowano ze \u015brodk\u00f3w Ministra Kultury, Dziedzictwa Narodowego<br>&nbsp;w ramach realizacji Narodowego Programu Rozwoju Czytelnictwa 2.0 na lata 2021-2025\u201d<\/em><\/p>\n\n\n\n<p><strong>INFORMACJE O DOFINANSOWANIU:<\/strong><\/p>\n\n\n\n<p>Gminna Biblioteka w Tyrawie Wo\u0142oskiej jest Beneficjentem Programu Instytutu Ksi\u0105\u017cki \u201eKraszewski. Komputery dla bibliotek\u201d. Celem programu jest zapewnienie zr\u00f3wnowa\u017conego dost\u0119pu do nowoczesnych technologii i wyr\u00f3wnanie szans mieszka\u0144c\u00f3w miejscowo\u015bci w gminach o najni\u017cszych dochodach podatkowych na jednego mieszka\u0144ca poprzez wyposa\u017cenie bibliotek w tych gminach w nowoczesny sprz\u0119t komputerowy.<\/p>\n\n\n\n<p>W ramach zadania zakupiono: sprz\u0119t komputerowy i audiowizualny oraz oprogramowanie a tak\u017ce urz\u0105dzenie&nbsp; wielofunkcyjne&nbsp; .<\/p>\n\n\n\n<p>Koszt og\u00f3\u0142em zadania wynosi\u0142 33.300 z\u0142., z tego 28.300 z\u0142. dofinansowania&nbsp; z Instytutu Ksi\u0105\u017cki.<\/p>\n\n\n\n<div class=\"wp-block-file\"><a id=\"wp-block-file--media-f1feab2d-07c5-41b4-877c-87bc960d65dc\" href=\"https:\/\/tyrawa.pl\/wp-content\/uploads\/2024\/10\/Zalacznik-nr-1-do-Zarzadzenia-nr-1.docx\">Za\u0142\u0105cznik nr 1 do Zarz\u0105dzenia nr 1<\/a><a href=\"https:\/\/tyrawa.pl\/wp-content\/uploads\/2024\/10\/Zalacznik-nr-1-do-Zarzadzenia-nr-1.docx\" class=\"wp-block-file__button wp-element-button\" download aria-describedby=\"wp-block-file--media-f1feab2d-07c5-41b4-877c-87bc960d65dc\">Pobierz<\/a><\/div>\n\n\n\n<p><\/p>\n","protected":false},"excerpt":{"rendered":"<p>Telefon: Kierownik GBP: 13 46 211 16 Godziny pracy Gminnej Biblioteki Publicznej w Tyrawie Wo\u0142oskiej Poniedzia\u0142ek od godz. 8.00 do 16.00Wtorek od godz. 11.00 do 19.00\u015aroda od godz. 8.00 do 16.00Czwartek od godz. 11.00 do 19.00Pi\u0119tek od godz. 8.00 do 16.00 OG\u0141OSZENIE: Gminna Biblioteka Publiczna w Tyrawie Wo\u0142oskiej realizuje zadanie pn. \u201eDofinansowania dla bibliotek publicznych [&hellip;]<\/p>\n","protected":false},"author":1,"featured_media":0,"parent":0,"menu_order":0,"comment_status":"closed","ping_status":"closed","template":"","meta":{"footnotes":""},"class_list":["post-3732","page","type-page","status-publish","hentry","no-thumb"],"_links":{"self":[{"href":"https:\/\/tyrawa.pl\/index.php?rest_route=\/wp\/v2\/pages\/3732","targetHints":{"allow":["GET"]}}],"collection":[{"href":"https:\/\/tyrawa.pl\/index.php?rest_route=\/wp\/v2\/pages"}],"about":[{"href":"https:\/\/tyrawa.pl\/index.php?rest_route=\/wp\/v2\/types\/page"}],"author":[{"embeddable":true,"href":"https:\/\/tyrawa.pl\/index.php?rest_route=\/wp\/v2\/users\/1"}],"replies":[{"embeddable":true,"href":"https:\/\/tyrawa.pl\/index.php?rest_route=%2Fwp%2Fv2%2Fcomments&post=3732"}],"version-history":[{"count":5,"href":"https:\/\/tyrawa.pl\/index.php?rest_route=\/wp\/v2\/pages\/3732\/revisions"}],"predecessor-version":[{"id":5824,"href":"https:\/\/tyrawa.pl\/index.php?rest_route=\/wp\/v2\/pages\/3732\/revisions\/5824"}],"wp:attachment":[{"href":"https:\/\/tyrawa.pl\/index.php?rest_route=%2Fwp%2Fv2%2Fmedia&parent=3732"}],"curies":[{"name":"wp","href":"https:\/\/api.w.org\/{rel}","templated":true}]}}